{"id":64,"date":"2020-12-09T09:15:17","date_gmt":"2020-12-09T08:15:17","guid":{"rendered":"https:\/\/www.opco.fr\/info\/?page_id=64"},"modified":"2021-05-18T11:34:00","modified_gmt":"2021-05-18T09:34:00","slug":"opco-sante","status":"publish","type":"page","link":"https:\/\/www.opco.fr\/info\/opco-sante\/","title":{"rendered":"OPCO Sant\u00e9"},"content":{"rendered":"[vc_row][vc_column][vc_single_image image=\u00a0\u00bb103&Prime; img_size=\u00a0\u00bbfull\u00a0\u00bb alignment=\u00a0\u00bbcenter\u00a0\u00bb style=\u00a0\u00bbvc_box_shadow\u00a0\u00bb][vc_empty_space][vc_row_inner][vc_column_inner width=\u00a0\u00bb1\/4&Prime;][vc_single_image image=\u00a0\u00bb340&Prime; img_size=\u00a0\u00bbfull\u00a0\u00bb alignment=\u00a0\u00bbcenter\u00a0\u00bb style=\u00a0\u00bbvc_box_border\u00a0\u00bb][vc_column_text]\n<p style=\"text-align: center;\">Capture \u00e9cran<br \/>\nopco-sante.fr<br \/>\nMai 2021<\/p>\n[\/vc_column_text][\/vc_column_inner][vc_column_inner width=\u00a0\u00bb3\/4&Prime;][vc_column_text el_id=\u00a0\u00bbWP-opco\u00a0\u00bb]L&rsquo;OPCO Sant\u00e9 est l&rsquo;op\u00e9rateur de comp\u00e9tence des secteurs des professions de la sant\u00e9 et m\u00e9dico-social.<\/p>\n<p>&nbsp;<\/p>\n<p><strong>Site web officiel : <\/strong><a href=\"https:\/\/www.opco-sante.fr\" target=\"_blank\" rel=\"noopener noreferrer\"><strong>https:\/\/www.opco-sante.fr<\/strong><\/a>[\/vc_column_text][\/vc_column_inner][\/vc_row_inner][vc_empty_space][vc_column_text el_class=\u00a0\u00bbWP-listeidcc\u00a0\u00bb]\n<h2>Liste indicative des IDCC du champ d&rsquo;intervention de l&rsquo;OPCO Sant\u00e9<\/h2>\n<p>&nbsp;<\/p>\n<ul>\n<li><a href=\"https:\/\/www.opco.fr\/trouver\/?search=IDCC%2029\"><b>IDCC 29 :<\/b> Convention collective nationale des \u00e9tablissements priv\u00e9s d&rsquo;hospitalisation, de soins, de cure et de garde \u00e0 but non lucratif (FEHAP, convention de 1951) <\/a><\/li>\n<li><a href=\"https:\/\/www.opco.fr\/trouver\/?search=IDCC%20405\"><b>IDCC 405 :<\/b> Convention collective nationale des \u00e9tablissements m\u00e9dico-sociaux de l&rsquo;union intersyndicale des secteurs sanitaires et sociaux (UNISSS, FFESCPE, convention de 1965, enfants, adolescents ) <\/a><\/li>\n<li><a href=\"https:\/\/www.opco.fr\/trouver\/?search=IDCC%20413\"><b>IDCC 413 :<\/b> Convention collective nationale de travail des \u00e9tablissements et services pour personnes inadapt\u00e9es et handicap\u00e9es (convention de 1966, SNAPEI) <\/a><\/li>\n<li><a href=\"https:\/\/www.opco.fr\/trouver\/?search=IDCC%20783\"><b>IDCC 783 :<\/b> Convention collective nationale des centres d&rsquo;h\u00e9bergement et de r\u00e9adaptation sociale et dans les services d&rsquo;accueil, d&rsquo;orientation et d&rsquo;insertion pour adultes (CHRS, SOP ) <\/a><\/li>\n<li><a href=\"https:\/\/www.opco.fr\/trouver\/?search=IDCC%20897\"><b>IDCC 897 :<\/b> Convention collective nationale des services de sant\u00e9 au travail interentreprises <\/a><\/li>\n<li><a href=\"https:\/\/www.opco.fr\/trouver\/?search=IDCC%201001\"><b>IDCC 1001 :<\/b> Convention collective nationale des m\u00e9decins sp\u00e9cialistes qualifi\u00e9s au regard du conseil de l&rsquo;ordre travaillant dans des \u00e9tablissements et services pour personnes inadapt\u00e9es et handicap\u00e9es (annex\u00e9e \u00e0 la convention collective nationale de travail des \u00e9tablissements et services pour personnes inadapt\u00e9es et handicap\u00e9es 0413) <\/a><\/li>\n<li><a href=\"https:\/\/www.opco.fr\/trouver\/?search=IDCC%202046\"><b>IDCC 2046 :<\/b> Convention collective nationale du personnel non m\u00e9dical des centres de lutte contre le cancer <\/a><\/li>\n<li><a href=\"https:\/\/www.opco.fr\/trouver\/?search=IDCC%202104\"><b>IDCC 2104 :<\/b> Convention collective nationale du thermalisme (fusion entre la 2264 et la 2104) <\/a><\/li>\n<li><a href=\"https:\/\/www.opco.fr\/trouver\/?search=IDCC%202264\"><b>IDCC 2264 :<\/b> Convention collective nationalede l&rsquo;hospitalisation priv\u00e9e (CCU, FHP, \u00e9tablissements pour personnes \u00e2g\u00e9es, maison de retraite, \u00e9tablissements de suite et r\u00e9adaptation, m\u00e9dicaux pour enfants et adolescents, UHP, sanitaires sociaux et m\u00e9dico-sociaux CRRR, hospitalisation priv\u00e9 \u00e0 but lucratif FIEHP ) (fusion entre la 2264 et la 2104) <\/a><\/li>\n<\/ul>\n[\/vc_column_text][\/vc_column][\/vc_row]\n","protected":false},"excerpt":{"rendered":"<p>[vc_row][vc_column][vc_single_image image=\u00a0\u00bb103&Prime; img_size=\u00a0\u00bbfull\u00a0\u00bb alignment=\u00a0\u00bbcenter\u00a0\u00bb style=\u00a0\u00bbvc_box_shadow\u00a0\u00bb][vc_empty_space][vc_row_inner][vc_column_inner width=\u00a0\u00bb1\/4&Prime;][vc_single_image image=\u00a0\u00bb340&Prime; img_size=\u00a0\u00bbfull\u00a0\u00bb alignment=\u00a0\u00bbcenter\u00a0\u00bb style=\u00a0\u00bbvc_box_border\u00a0\u00bb][vc_column_text] Capture \u00e9cran opco-sante.fr Mai 2021 [\/vc_column_text][\/vc_column_inner][vc_column_inner width=\u00a0\u00bb3\/4&Prime;][vc_column_text el_id=\u00a0\u00bbWP-opco\u00a0\u00bb]L&rsquo;OPCO Sant\u00e9 est l&rsquo;op\u00e9rateur de comp\u00e9tence des secteurs des professions de la sant\u00e9 et m\u00e9dico-social. &nbsp; Site web officiel : https:\/\/www.opco-sante.fr[\/vc_column_text][\/vc_column_inner][\/vc_row_inner][vc_empty_space][vc_column_text el_class=\u00a0\u00bbWP-listeidcc\u00a0\u00bb] Liste indicative des IDCC du champ d&rsquo;intervention de l&rsquo;OPCO Sant\u00e9 &nbsp; IDCC 29 : Convention collective [&hellip;]<\/p>\n","protected":false},"author":1,"featured_media":0,"parent":0,"menu_order":0,"comment_status":"closed","ping_status":"closed","template":"","meta":[],"yoast_head":"<!-- This site is optimized with the Yoast SEO plugin v16.1.1 - https:\/\/yoast.com\/wordpress\/plugins\/seo\/ -->\n<title>OPCO Sant\u00e9 - OPCO.fr<\/title>\n<meta name=\"description\" content=\"Liste des IDCC du champ d\u2019intervention de l\u2019OPCO Sant\u00e9\" \/>\n<link rel=\"canonical\" href=\"https:\/\/www.opco.fr\/info\/opco-sante\/\" \/>\n<meta property=\"og:locale\" content=\"fr_FR\" \/>\n<meta property=\"og:type\" content=\"article\" \/>\n<meta property=\"og:title\" content=\"OPCO Sant\u00e9 - OPCO.fr\" \/>\n<meta property=\"og:description\" content=\"Liste des IDCC du champ d\u2019intervention de l\u2019OPCO Sant\u00e9\" \/>\n<meta property=\"og:url\" content=\"https:\/\/www.opco.fr\/info\/opco-sante\/\" \/>\n<meta property=\"og:site_name\" content=\"OPCO.fr\" \/>\n<meta property=\"article:modified_time\" content=\"2021-05-18T09:34:00+00:00\" \/>\n<meta name=\"twitter:card\" content=\"summary_large_image\" \/>\n<meta name=\"twitter:label1\" content=\"Dur\u00e9e de lecture est.\">\n\t<meta name=\"twitter:data1\" content=\"2 minutes\">\n<script type=\"application\/ld+json\" class=\"yoast-schema-graph\">{\"@context\":\"https:\/\/schema.org\",\"@graph\":[{\"@type\":\"WebSite\",\"@id\":\"https:\/\/www.opco.fr\/info\/#website\",\"url\":\"https:\/\/www.opco.fr\/info\/\",\"name\":\"OPCO.fr\",\"description\":\"Optimisateur de comp\\u00e9tences\",\"potentialAction\":[{\"@type\":\"SearchAction\",\"target\":\"https:\/\/www.opco.fr\/info\/?s={search_term_string}\",\"query-input\":\"required name=search_term_string\"}],\"inLanguage\":\"fr-FR\"},{\"@type\":\"WebPage\",\"@id\":\"https:\/\/www.opco.fr\/info\/opco-sante\/#webpage\",\"url\":\"https:\/\/www.opco.fr\/info\/opco-sante\/\",\"name\":\"OPCO Sant\\u00e9 - OPCO.fr\",\"isPartOf\":{\"@id\":\"https:\/\/www.opco.fr\/info\/#website\"},\"datePublished\":\"2020-12-09T08:15:17+00:00\",\"dateModified\":\"2021-05-18T09:34:00+00:00\",\"description\":\"Liste des IDCC du champ d\\u2019intervention de l\\u2019OPCO Sant\\u00e9\",\"breadcrumb\":{\"@id\":\"https:\/\/www.opco.fr\/info\/opco-sante\/#breadcrumb\"},\"inLanguage\":\"fr-FR\",\"potentialAction\":[{\"@type\":\"ReadAction\",\"target\":[\"https:\/\/www.opco.fr\/info\/opco-sante\/\"]}]},{\"@type\":\"BreadcrumbList\",\"@id\":\"https:\/\/www.opco.fr\/info\/opco-sante\/#breadcrumb\",\"itemListElement\":[{\"@type\":\"ListItem\",\"position\":1,\"item\":{\"@type\":\"WebPage\",\"@id\":\"https:\/\/www.opco.fr\/info\/\",\"url\":\"https:\/\/www.opco.fr\/info\/\",\"name\":\"Accueil\"}},{\"@type\":\"ListItem\",\"position\":2,\"item\":{\"@type\":\"WebPage\",\"@id\":\"https:\/\/www.opco.fr\/info\/opco-sante\/\",\"url\":\"https:\/\/www.opco.fr\/info\/opco-sante\/\",\"name\":\"OPCO Sant\\u00e9\"}}]}]}<\/script>\n<!-- \/ Yoast SEO plugin. -->","_links":{"self":[{"href":"https:\/\/www.opco.fr\/info\/wp-json\/wp\/v2\/pages\/64"}],"collection":[{"href":"https:\/\/www.opco.fr\/info\/wp-json\/wp\/v2\/pages"}],"about":[{"href":"https:\/\/www.opco.fr\/info\/wp-json\/wp\/v2\/types\/page"}],"author":[{"embeddable":true,"href":"https:\/\/www.opco.fr\/info\/wp-json\/wp\/v2\/users\/1"}],"replies":[{"embeddable":true,"href":"https:\/\/www.opco.fr\/info\/wp-json\/wp\/v2\/comments?post=64"}],"version-history":[{"count":6,"href":"https:\/\/www.opco.fr\/info\/wp-json\/wp\/v2\/pages\/64\/revisions"}],"predecessor-version":[{"id":341,"href":"https:\/\/www.opco.fr\/info\/wp-json\/wp\/v2\/pages\/64\/revisions\/341"}],"wp:attachment":[{"href":"https:\/\/www.opco.fr\/info\/wp-json\/wp\/v2\/media?parent=64"}],"curies":[{"name":"wp","href":"https:\/\/api.w.org\/{rel}","templated":true}]}}