{"id":58,"date":"2020-12-09T08:52:23","date_gmt":"2020-12-09T07:52:23","guid":{"rendered":"https:\/\/www.opco.fr\/info\/?page_id=58"},"modified":"2023-01-25T11:13:05","modified_gmt":"2023-01-25T10:13:05","slug":"opco-ep","status":"publish","type":"page","link":"https:\/\/www.opco.fr\/info\/opco-ep\/","title":{"rendered":"OPCO EP"},"content":{"rendered":"[vc_row][vc_column][vc_row_inner][vc_column_inner width=\u00a0\u00bb3\/4&Prime;][vc_column_text el_id=\u00a0\u00bbWP-opco\u00a0\u00bb]L&rsquo;OPCO EP est l&rsquo;op\u00e9rateur de comp\u00e9tences des Entreprises de Proximit\u00e9 (EP). C&rsquo;est un op\u00e9rateur interbranches.<\/p>\n<p>\u00ab\u00a0<em>L\u2019op\u00e9rateur de comp\u00e9tences (OPCO) des Entreprises de Proximit\u00e9 a \u00e9t\u00e9 agr\u00e9\u00e9 sur les bases de l\u2019accord constitutif sign\u00e9 par les organisations interprofessionnelles d\u2019employeurs U2P et CPME et les cinq conf\u00e9d\u00e9rations syndicales de salari\u00e9s (CFDT, CFE-CGC, CFTC, CGT, CGT-FO). Il s\u2019appuie sur les comp\u00e9tences et le savoir-faire du r\u00e9seau d\u2019OPCA PEPSS\/ACTALIANS et d\u2019AGEFOS PME et se d\u00e9ploie sur tout le territoire national (DROM compris).<\/em>\u00a0\u00bb<\/p>\n<p><strong>Site web officiel : <\/strong><a href=\"https:\/\/www.opcoep.fr\" target=\"_blank\" rel=\"noopener noreferrer\"><strong>https:\/\/www.opcoep.fr<\/strong><\/a>[\/vc_column_text][\/vc_column_inner][\/vc_row_inner][vc_empty_space][vc_column_text el_class=\u00a0\u00bbWP-listeidcc\u00a0\u00bb]\n<h2>Liste indicative des IDCC du champ d&rsquo;intervention de l&rsquo;OPCO EP<\/h2>\n<p>&nbsp;<\/p>\n<ul>\n<li><a href=\"https:\/\/www.opco.fr\/trouver\/?search=IDCC%20184\"><b>IDCC 184 :<\/b> Convention collective nationale de l&rsquo;imprimerie de labeur et des industries graphiques <\/a><\/li>\n<li><a href=\"https:\/\/www.opco.fr\/trouver\/?search=IDCC%20240\"><b>IDCC 240 :<\/b> Convention collective nationale du personnel des greffes des tribunaux de commerce <\/a><\/li>\n<li><a href=\"https:\/\/www.opco.fr\/trouver\/?search=IDCC%20454\"><b>IDCC 454 :<\/b> Convention collective nationale des remont\u00e9es m\u00e9caniques et domaines skiables <\/a><\/li>\n<li><a href=\"https:\/\/www.opco.fr\/trouver\/?search=IDCC%20614\"><b>IDCC 614 :<\/b> Convention collective nationale des industries de la s\u00e9rigraphie et des proc\u00e9d\u00e9s d&rsquo;impression num\u00e9rique connexes (annex\u00e9e \u00e0 la convention collective nationale de l&rsquo;imprimerie de labeur et des industries graphiques 0184) <\/a><\/li>\n<li><a href=\"https:\/\/www.opco.fr\/trouver\/?search=IDCC%20733\"><b>IDCC 733 :<\/b> Convention collective nationale des d\u00e9taillants en chaussure <\/a><\/li>\n<li><a href=\"https:\/\/www.opco.fr\/trouver\/?search=IDCC%20759\"><b>IDCC 759 :<\/b> Convention collective nationale des pompes fun\u00e8bres <\/a><\/li>\n<li><a href=\"https:\/\/www.opco.fr\/trouver\/?search=IDCC%20843\"><b>IDCC 843 :<\/b> Convention collective nationale de la boulangerie-p\u00e2tisserie -entreprises artisanales- <\/a><\/li>\n<li><a href=\"https:\/\/www.opco.fr\/trouver\/?search=IDCC%20915\"><b>IDCC 915 :<\/b> Convention collective nationale des soci\u00e9t\u00e9s d&rsquo;expertises et d&rsquo;\u00e9valuations <\/a><\/li>\n<li><a href=\"https:\/\/www.opco.fr\/trouver\/?search=IDCC%20953\"><b>IDCC 953 :<\/b> Convention collective nationale de la charcuterie de d\u00e9tail <\/a><\/li>\n<li><a href=\"https:\/\/www.opco.fr\/trouver\/?search=IDCC%20959\"><b>IDCC 959 :<\/b> Convention collective nationale des laboratoires de biologie m\u00e9dicale extra-hospitaliers <\/a><\/li>\n<li><a href=\"https:\/\/www.opco.fr\/trouver\/?search=IDCC%20992\"><b>IDCC 992 :<\/b> Convention collective nationale de la boucherie, boucherie-charcuterie et boucherie hippophagique, triperie, commerce de volailles et gibiers <\/a><\/li>\n<li><a href=\"https:\/\/www.opco.fr\/trouver\/?search=IDCC%20993\"><b>IDCC 993 :<\/b> Convention collective nationale des proth\u00e9sistes dentaires et des personnels des laboratoires de proth\u00e8se dentaire <\/a><\/li>\n<li><a href=\"https:\/\/www.opco.fr\/trouver\/?search=IDCC%201000\"><b>IDCC 1000 :<\/b> Convention collective nationale du personnel des cabinets d&rsquo;avocats <\/a><\/li>\n<li><a href=\"https:\/\/www.opco.fr\/trouver\/?search=IDCC%201043\"><b>IDCC 1043 :<\/b> Convention collective nationale des gardiens, concierges et employ\u00e9s d&rsquo;immeubles <\/a><\/li>\n<li><a href=\"https:\/\/www.opco.fr\/trouver\/?search=IDCC%201147\"><b>IDCC 1147 :<\/b> Convention collective nationale du personnel des cabinets m\u00e9dicaux (m\u00e9decin) <\/a><\/li>\n<li><a href=\"https:\/\/www.opco.fr\/trouver\/?search=IDCC%201267\"><b>IDCC 1267 :<\/b> Convention collective nationale de la p\u00e2tisserie <\/a><\/li>\n<li><a href=\"https:\/\/www.opco.fr\/trouver\/?search=IDCC%201286\"><b>IDCC 1286 :<\/b> Convention collective nationale des d\u00e9taillants, d\u00e9taillants-fabricants et artisans de la confiserie, chocolaterie, biscuiterie <\/a><\/li>\n<li><a href=\"https:\/\/www.opco.fr\/trouver\/?search=IDCC%201404\"><b>IDCC 1404 :<\/b> Convention collective nationale des entreprises de commerce, de location et de r\u00e9paration de tracteurs, machines et mat\u00e9riels agricoles, de mat\u00e9riels de travaux publics, de b\u00e2timent et de manutention, de mat\u00e9riels de motoculture de plaisance, de jardins et d&rsquo;espaces verts (SEDIMA) <\/a><\/li>\n<li><a href=\"https:\/\/www.opco.fr\/trouver\/?search=IDCC%201408\"><b>IDCC 1408 :<\/b> Convention collective nationale des entreprises du n\u00e9goce et de distribution de combustibles solides, liquides, gazeux et produits p\u00e9troliers <\/a><\/li>\n<li><a href=\"https:\/\/www.opco.fr\/trouver\/?search=IDCC%201412\"><b>IDCC 1412 :<\/b> Convention collective nationale des entreprises d&rsquo;installation sans fabrication, y compris entretien, r\u00e9paration, d\u00e9pannage de mat\u00e9riel a\u00e9raulique, thermique, frigorifique et connexes <\/a><\/li>\n<li><a href=\"https:\/\/www.opco.fr\/trouver\/?search=IDCC%201483\"><b>IDCC 1483 :<\/b> Convention collective nationale du commerce de d\u00e9tail de l&rsquo;habillement et des articles textiles <\/a><\/li>\n<li><a href=\"https:\/\/www.opco.fr\/trouver\/?search=IDCC%201499\"><b>IDCC 1499 :<\/b> Convention collective nationale de la miroiterie, de la transformation et du n\u00e9goce du verre <\/a><\/li>\n<li><a href=\"https:\/\/www.opco.fr\/trouver\/?search=IDCC%201504\"><b>IDCC 1504 :<\/b> Convention collective nationale de la poissonnerie (commerce de d\u00e9tail, de demi-gros et de gros de la poissonnerie) <\/a><\/li>\n<li><a href=\"https:\/\/www.opco.fr\/trouver\/?search=IDCC%201512\"><b>IDCC 1512 :<\/b> Convention collective nationale de la promotion immobili\u00e8re <\/a><\/li>\n<li><a href=\"https:\/\/www.opco.fr\/trouver\/?search=IDCC%201527\"><b>IDCC 1527 :<\/b> Convention collective nationale de l&rsquo;immobilier <\/a><\/li>\n<li><a href=\"https:\/\/www.opco.fr\/trouver\/?search=IDCC%201589\"><b>IDCC 1589 :<\/b> Convention collective nationale des mareyeurs-exp\u00e9diteurs <\/a><\/li>\n<li><a href=\"https:\/\/www.opco.fr\/trouver\/?search=IDCC%201605\"><b>IDCC 1605 :<\/b> Convention collective nationale des entreprises de d\u00e9sinfection, d\u00e9sinsectisation, d\u00e9ratisation <\/a><\/li>\n<li><a href=\"https:\/\/www.opco.fr\/trouver\/?search=IDCC%201611\"><b>IDCC 1611 :<\/b> Convention collective nationale des entreprises de logistique de communication \u00e9crite directe <\/a><\/li>\n<li><a href=\"https:\/\/www.opco.fr\/trouver\/?search=IDCC%201619\"><b>IDCC 1619 :<\/b> Convention collective nationale des cabinets dentaires <\/a><\/li>\n<li><a href=\"https:\/\/www.opco.fr\/trouver\/?search=IDCC%201621\"><b>IDCC 1621 :<\/b> Convention collective nationale de la r\u00e9partition pharmaceutique <\/a><\/li>\n<li><a href=\"https:\/\/www.opco.fr\/trouver\/?search=IDCC%201850\"><b>IDCC 1850 :<\/b> Convention collective nationale de l&rsquo;avocat salari\u00e9 <\/a><\/li>\n<li><a href=\"https:\/\/www.opco.fr\/trouver\/?search=IDCC%201875\"><b>IDCC 1875 :<\/b> Convention collective nationale des cabinets et cliniques v\u00e9t\u00e9rinaires : personnel salari\u00e9 <\/a><\/li>\n<li><a href=\"https:\/\/www.opco.fr\/trouver\/?search=IDCC%201921\"><b>IDCC 1921 :<\/b> Convention collective nationale des huissiers de justice <\/a><\/li>\n<li><a href=\"https:\/\/www.opco.fr\/trouver\/?search=IDCC%201951\"><b>IDCC 1951 :<\/b> Convention collective nationale des cabinets ou entreprises d&rsquo;expertises en automobile <\/a><\/li>\n<li><a href=\"https:\/\/www.opco.fr\/trouver\/?search=IDCC%201978\"><b>IDCC 1978 :<\/b> Convention collective nationale des fleuristes, de la vente et des services des animaux familiers <\/a><\/li>\n<li><a href=\"https:\/\/www.opco.fr\/trouver\/?search=IDCC%201982\"><b>IDCC 1982 :<\/b> Convention collective nationale du n\u00e9goce et prestations de services dans les domaines m\u00e9dico-techniques <\/a><\/li>\n<li><a href=\"https:\/\/www.opco.fr\/trouver\/?search=IDCC%201996\"><b>IDCC 1996 :<\/b> Convention collective nationale de la pharmacie d&rsquo;officine <\/a><\/li>\n<li><a href=\"https:\/\/www.opco.fr\/trouver\/?search=IDCC%202098\"><b>IDCC 2098 :<\/b> Convention collective nationale du personnel des prestataires de services dans le domaine du secteur tertiaire <\/a><\/li>\n<li><a href=\"https:\/\/www.opco.fr\/trouver\/?search=IDCC%202111\"><b>IDCC 2111 :<\/b> Convention collective nationale des salari\u00e9s du particulier employeur <\/a><\/li>\n<li><a href=\"https:\/\/www.opco.fr\/trouver\/?search=IDCC%202205\"><b>IDCC 2205 :<\/b> Convention collective nationale du notariat <\/a><\/li>\n<li><a href=\"https:\/\/www.opco.fr\/trouver\/?search=IDCC%202219\"><b>IDCC 2219 :<\/b> Convention collective nationale des taxis <\/a><\/li>\n<li><a href=\"https:\/\/www.opco.fr\/trouver\/?search=IDCC%202272\"><b>IDCC 2272 :<\/b> Convention collective nationale de l&rsquo;assainissement et de la maintenance industrielle <\/a><\/li>\n<li><a href=\"https:\/\/www.opco.fr\/trouver\/?search=IDCC%202329\"><b>IDCC 2329 :<\/b> Accord professionnel national de travail entre les avocats au Conseil d&rsquo;Etat et \u00e0 la Cour de Cassation et leur personnel salari\u00e9 -non avocat- <\/a><\/li>\n<li><a href=\"https:\/\/www.opco.fr\/trouver\/?search=IDCC%202332\"><b>IDCC 2332 :<\/b> Convention collective nationale des entreprises d&rsquo;architecture <\/a><\/li>\n<li><a href=\"https:\/\/www.opco.fr\/trouver\/?search=IDCC%202395\"><b>IDCC 2395 :<\/b> Convention collective nationale de travail des assistants maternels du particulier employeur <\/a><\/li>\n<li><a href=\"https:\/\/www.opco.fr\/trouver\/?search=IDCC%202564\"><b>IDCC 2564 :<\/b> Convention collective nationale des v\u00e9t\u00e9rinaires praticiens salari\u00e9s <\/a><\/li>\n<li><a href=\"https:\/\/www.opco.fr\/trouver\/?search=IDCC%202596\"><b>IDCC 2596 :<\/b> Convention collective nationale de la coiffure et des professions connexes <\/a><\/li>\n<li><a href=\"https:\/\/www.opco.fr\/trouver\/?search=IDCC%202697\"><b>IDCC 2697 :<\/b> Convention collective nationale des personnels des structures associatives cyn\u00e9g\u00e9tiques <\/a><\/li>\n<li><a href=\"https:\/\/www.opco.fr\/trouver\/?search=IDCC%202706\"><b>IDCC 2706 :<\/b> Convention collective nationale du personnel des administrateurs et des mandataires judiciaires <\/a><\/li>\n<li><a href=\"https:\/\/www.opco.fr\/trouver\/?search=IDCC%202785\"><b>IDCC 2785 :<\/b> Convention collective nationale des soci\u00e9t\u00e9s de ventes volontaires de meubles aux ench\u00e8res publiques et des offices de commissaires-priseurs judiciaires <\/a><\/li>\n<li><a href=\"https:\/\/www.opco.fr\/trouver\/?search=IDCC%202978\"><b>IDCC 2978 :<\/b> Convention collective nationale du personnel salari\u00e9 des agences de recherches priv\u00e9es <\/a><\/li>\n<li><a href=\"https:\/\/www.opco.fr\/trouver\/?search=IDCC%203013\"><b>IDCC 3013 :<\/b> Convention collective nationale de la librairie <\/a><\/li>\n<li><a href=\"https:\/\/www.opco.fr\/trouver\/?search=IDCC%203032\"><b>IDCC 3032 :<\/b> Convention collective nationale de l&rsquo;esth\u00e9tique &#8211; cosm\u00e9tique et de l&rsquo;enseignement technique et professionnel li\u00e9s aux m\u00e9tiers de l&rsquo;esth\u00e9tique et de la parfumerie <\/a><\/li>\n<li><a href=\"https:\/\/www.opco.fr\/trouver\/?search=IDCC%203127\"><b>IDCC 3127 :<\/b> Convention collective nationale des services \u00e0 la personne du 20 septembre 2012 <\/a><\/li>\n<\/ul>\n[\/vc_column_text][\/vc_column][\/vc_row]\n","protected":false},"excerpt":{"rendered":"<p>[vc_row][vc_column][vc_row_inner][vc_column_inner width=\u00a0\u00bb3\/4&Prime;][vc_column_text el_id=\u00a0\u00bbWP-opco\u00a0\u00bb]L&rsquo;OPCO EP est l&rsquo;op\u00e9rateur de comp\u00e9tences des Entreprises de Proximit\u00e9 (EP). C&rsquo;est un op\u00e9rateur interbranches. \u00ab\u00a0L\u2019op\u00e9rateur de comp\u00e9tences (OPCO) des Entreprises de Proximit\u00e9 a \u00e9t\u00e9 agr\u00e9\u00e9 sur les bases de l\u2019accord constitutif sign\u00e9 par les organisations interprofessionnelles d\u2019employeurs U2P et CPME et les cinq conf\u00e9d\u00e9rations syndicales de salari\u00e9s (CFDT, CFE-CGC, CFTC, CGT, CGT-FO). [&hellip;]<\/p>\n","protected":false},"author":1,"featured_media":0,"parent":0,"menu_order":0,"comment_status":"closed","ping_status":"closed","template":"","meta":[],"yoast_head":"<!-- This site is optimized with the Yoast SEO plugin v16.1.1 - https:\/\/yoast.com\/wordpress\/plugins\/seo\/ -->\n<title>OPCO EP - OPCO.fr<\/title>\n<meta name=\"description\" content=\"Liste des IDCC du champ d\u2019intervention de l\u2019OPCO EP\" \/>\n<link rel=\"canonical\" href=\"https:\/\/www.opco.fr\/info\/opco-ep\/\" \/>\n<meta property=\"og:locale\" content=\"fr_FR\" \/>\n<meta property=\"og:type\" content=\"article\" \/>\n<meta property=\"og:title\" content=\"OPCO EP - OPCO.fr\" \/>\n<meta property=\"og:description\" content=\"Liste des IDCC du champ d\u2019intervention de l\u2019OPCO EP\" \/>\n<meta property=\"og:url\" content=\"https:\/\/www.opco.fr\/info\/opco-ep\/\" \/>\n<meta property=\"og:site_name\" content=\"OPCO.fr\" \/>\n<meta property=\"article:modified_time\" content=\"2023-01-25T10:13:05+00:00\" \/>\n<meta name=\"twitter:card\" content=\"summary_large_image\" \/>\n<meta name=\"twitter:label1\" content=\"Dur\u00e9e de lecture est.\">\n\t<meta name=\"twitter:data1\" content=\"4 minutes\">\n<script type=\"application\/ld+json\" class=\"yoast-schema-graph\">{\"@context\":\"https:\/\/schema.org\",\"@graph\":[{\"@type\":\"WebSite\",\"@id\":\"https:\/\/www.opco.fr\/info\/#website\",\"url\":\"https:\/\/www.opco.fr\/info\/\",\"name\":\"OPCO.fr\",\"description\":\"Optimisateur de comp\\u00e9tences\",\"potentialAction\":[{\"@type\":\"SearchAction\",\"target\":\"https:\/\/www.opco.fr\/info\/?s={search_term_string}\",\"query-input\":\"required name=search_term_string\"}],\"inLanguage\":\"fr-FR\"},{\"@type\":\"WebPage\",\"@id\":\"https:\/\/www.opco.fr\/info\/opco-ep\/#webpage\",\"url\":\"https:\/\/www.opco.fr\/info\/opco-ep\/\",\"name\":\"OPCO EP - OPCO.fr\",\"isPartOf\":{\"@id\":\"https:\/\/www.opco.fr\/info\/#website\"},\"datePublished\":\"2020-12-09T07:52:23+00:00\",\"dateModified\":\"2023-01-25T10:13:05+00:00\",\"description\":\"Liste des IDCC du champ d\\u2019intervention de l\\u2019OPCO EP\",\"breadcrumb\":{\"@id\":\"https:\/\/www.opco.fr\/info\/opco-ep\/#breadcrumb\"},\"inLanguage\":\"fr-FR\",\"potentialAction\":[{\"@type\":\"ReadAction\",\"target\":[\"https:\/\/www.opco.fr\/info\/opco-ep\/\"]}]},{\"@type\":\"BreadcrumbList\",\"@id\":\"https:\/\/www.opco.fr\/info\/opco-ep\/#breadcrumb\",\"itemListElement\":[{\"@type\":\"ListItem\",\"position\":1,\"item\":{\"@type\":\"WebPage\",\"@id\":\"https:\/\/www.opco.fr\/info\/\",\"url\":\"https:\/\/www.opco.fr\/info\/\",\"name\":\"Accueil\"}},{\"@type\":\"ListItem\",\"position\":2,\"item\":{\"@type\":\"WebPage\",\"@id\":\"https:\/\/www.opco.fr\/info\/opco-ep\/\",\"url\":\"https:\/\/www.opco.fr\/info\/opco-ep\/\",\"name\":\"OPCO EP\"}}]}]}<\/script>\n<!-- \/ Yoast SEO plugin. -->","_links":{"self":[{"href":"https:\/\/www.opco.fr\/info\/wp-json\/wp\/v2\/pages\/58"}],"collection":[{"href":"https:\/\/www.opco.fr\/info\/wp-json\/wp\/v2\/pages"}],"about":[{"href":"https:\/\/www.opco.fr\/info\/wp-json\/wp\/v2\/types\/page"}],"author":[{"embeddable":true,"href":"https:\/\/www.opco.fr\/info\/wp-json\/wp\/v2\/users\/1"}],"replies":[{"embeddable":true,"href":"https:\/\/www.opco.fr\/info\/wp-json\/wp\/v2\/comments?post=58"}],"version-history":[{"count":8,"href":"https:\/\/www.opco.fr\/info\/wp-json\/wp\/v2\/pages\/58\/revisions"}],"predecessor-version":[{"id":435,"href":"https:\/\/www.opco.fr\/info\/wp-json\/wp\/v2\/pages\/58\/revisions\/435"}],"wp:attachment":[{"href":"https:\/\/www.opco.fr\/info\/wp-json\/wp\/v2\/media?parent=58"}],"curies":[{"name":"wp","href":"https:\/\/api.w.org\/{rel}","templated":true}]}}