{"id":56,"date":"2020-12-09T08:46:24","date_gmt":"2020-12-09T07:46:24","guid":{"rendered":"https:\/\/www.opco.fr\/info\/?page_id=56"},"modified":"2021-05-18T11:13:12","modified_gmt":"2021-05-18T09:13:12","slug":"opco-cohesion-sociale","status":"publish","type":"page","link":"https:\/\/www.opco.fr\/info\/opco-cohesion-sociale\/","title":{"rendered":"OPCO : Coh\u00e9sion Sociale"},"content":{"rendered":"[vc_row][vc_column][vc_single_image image=\u00a0\u00bb104&Prime; img_size=\u00a0\u00bbfull\u00a0\u00bb alignment=\u00a0\u00bbcenter\u00a0\u00bb style=\u00a0\u00bbvc_box_shadow\u00a0\u00bb][vc_empty_space][vc_row_inner][vc_column_inner width=\u00a0\u00bb1\/4&Prime;][vc_single_image image=\u00a0\u00bb330&Prime; img_size=\u00a0\u00bbfull\u00a0\u00bb alignment=\u00a0\u00bbcenter\u00a0\u00bb style=\u00a0\u00bbvc_box_border\u00a0\u00bb][vc_column_text]\n<p style=\"text-align: center;\">Capture \u00e9cran<br \/>\nUniformation.fr<br \/>\nMai 2021<\/p>\n[\/vc_column_text][\/vc_column_inner][vc_column_inner width=\u00a0\u00bb3\/4&Prime;][vc_column_text el_id=\u00a0\u00bbWP-opco\u00a0\u00bb]L&rsquo;OPCO Coh\u00e9sion Sociale (Uniformation) est l&rsquo;op\u00e9rateur de comp\u00e9tences des secteurs du champ social, services aux personnes, insertion, sport, enseignement et formation.<\/p>\n<p>\u00ab\u00a0<em>20\u00a0branches professionnelles couvrent ce p\u00e9rim\u00e8tre.<\/em><br \/>\n<em>Soci\u00e9t\u00e9s, associations, coop\u00e9ratives, organismes sociaux, fondations, organisations syndicales de salari\u00e9s, partis politiques, comit\u00e9s d\u2019entreprise et comit\u00e9s sociaux et \u00e9conomiques, mouvements et associations cultuelles\u2026 peuvent tous \u00e9galement b\u00e9n\u00e9ficier des services d\u2019Uniformation d\u00e8s lors qu\u2019ils ne sont pas rattach\u00e9s \u00e0 une branche professionnelle accueillie dans un autre Opco.<\/em>\u00a0\u00bb<\/p>\n<p>&nbsp;<\/p>\n<p><strong>Site web officiel : <\/strong><a href=\"https:\/\/www.uniformation.fr\" target=\"_blank\" rel=\"noopener noreferrer\"><strong>https:\/\/www.uniformation.fr<\/strong><\/a>[\/vc_column_text][\/vc_column_inner][\/vc_row_inner][vc_empty_space][vc_column_text el_class=\u00a0\u00bbWP-listeidcc\u00a0\u00bb]\n<h2>Liste indicative des IDCC du champ d&rsquo;intervention de l&rsquo;OPCO Coh\u00e9sion Sociale<\/h2>\n<p>&nbsp;<\/p>\n<ul>\n<li><a href=\"https:\/\/www.opco.fr\/trouver\/?search=IDCC%20218\"><b>IDCC 218 :<\/b> Convention collective nationale des organismes de s\u00e9curit\u00e9 sociale <\/a><\/li>\n<li><a href=\"https:\/\/www.opco.fr\/trouver\/?search=IDCC%201031\"><b>IDCC 1031 :<\/b> Convention collective nationale de la f\u00e9d\u00e9ration nationale des associations familiales rurales (FNAFR) <\/a><\/li>\n<li><a href=\"https:\/\/www.opco.fr\/trouver\/?search=IDCC%201261\"><b>IDCC 1261 :<\/b> Convention collective nationale des acteurs du lien social et familial : centres sociaux et socioculturels, associations d&rsquo;accueil de jeunes enfants, associations de d\u00e9veloppement social local (SNAECSO) <\/a><\/li>\n<li><a href=\"https:\/\/www.opco.fr\/trouver\/?search=IDCC%201278\"><b>IDCC 1278 :<\/b> Convention collective nationale des personnels PACT et ARIM -centres pour la protection l&rsquo;am\u00e9lioration et la conservation de l&rsquo;habitat et associations pour la restauration immobili\u00e8re- (annex\u00e9e \u00e0 la convention collective nationale des organismes gestionnaires de foyers et services pour jeunes travailleurs 2336) <\/a><\/li>\n<li><a href=\"https:\/\/www.opco.fr\/trouver\/?search=IDCC%201316\"><b>IDCC 1316 :<\/b> Convention collective nationale des organismes de tourisme social et familial <\/a><\/li>\n<li><a href=\"https:\/\/www.opco.fr\/trouver\/?search=IDCC%201420\"><b>IDCC 1420 :<\/b> Convention collective nationale de travail du personnel des organismes cr\u00e9\u00e9s pour l&rsquo;application de la convention du 31 d\u00e9cembre 1958 UNEDIC ASSEDIC <\/a><\/li>\n<li><a href=\"https:\/\/www.opco.fr\/trouver\/?search=IDCC%201518\"><b>IDCC 1518 :<\/b> Convention collective nationale des m\u00e9tiers de l&rsquo;\u00c9ducation, de la Culture, des Loisirs, et de l&rsquo;Animation agissant pour l&rsquo;utilit\u00e9 sociale et environnementale, au service des Territoires dite ECLAT (ex Animation) <\/a><\/li>\n<li><a href=\"https:\/\/www.opco.fr\/trouver\/?search=IDCC%201588\"><b>IDCC 1588 :<\/b> Convention collective nationale du personnel des soci\u00e9t\u00e9s coop\u00e9ratives d&rsquo;HLM (annex\u00e9e \u00e0 la convention collective nationale du personnel des Offices Publics de l&rsquo;Habitat 3220) <\/a><\/li>\n<li><a href=\"https:\/\/www.opco.fr\/trouver\/?search=IDCC%201794\"><b>IDCC 1794 :<\/b> Convention collective nationale du personnel des institutions de retraites compl\u00e9mentaires <\/a><\/li>\n<li><a href=\"https:\/\/www.opco.fr\/trouver\/?search=IDCC%202128\"><b>IDCC 2128 :<\/b> Convention collective nationale de la mutualit\u00e9 <\/a><\/li>\n<li><a href=\"https:\/\/www.opco.fr\/trouver\/?search=IDCC%202150\"><b>IDCC 2150 :<\/b> Convention collective nationale des personnels des soci\u00e9t\u00e9s anonymes et fondations d&rsquo;HLM <\/a><\/li>\n<li><a href=\"https:\/\/www.opco.fr\/trouver\/?search=IDCC%202190\"><b>IDCC 2190 :<\/b> Convention collective nationale des missions locales et PAIO des maisons de l&#8217;emploi et PLIE <\/a><\/li>\n<li><a href=\"https:\/\/www.opco.fr\/trouver\/?search=IDCC%202336\"><b>IDCC 2336 :<\/b> Convention collective nationale des organismes gestionnaires de foyers et services pour jeunes travailleurs <\/a><\/li>\n<li><a href=\"https:\/\/www.opco.fr\/trouver\/?search=IDCC%202526\"><b>IDCC 2526 :<\/b> Convention collective nationale des organisations professionnelles de l&rsquo;habitat social <\/a><\/li>\n<li><a href=\"https:\/\/www.opco.fr\/trouver\/?search=IDCC%202603\"><b>IDCC 2603 :<\/b> Convention collective nationale de travail des praticiens conseils du r\u00e9gime g\u00e9n\u00e9ral de s\u00e9curit\u00e9 sociale <\/a><\/li>\n<li><a href=\"https:\/\/www.opco.fr\/trouver\/?search=IDCC%202666\"><b>IDCC 2666 :<\/b> Convention collective nationale des conseils d&rsquo;architecture, d&rsquo;urbanisme et de l&rsquo;environnement <\/a><\/li>\n<li><a href=\"https:\/\/www.opco.fr\/trouver\/?search=IDCC%202668\"><b>IDCC 2668 :<\/b> Convention collective nationale de travail des cadres sup\u00e9rieurs des soci\u00e9t\u00e9s de secours mini\u00e8res et de leurs \u00e9tablissements, des unions r\u00e9gionales et des assistants sociaux r\u00e9gionaux <\/a><\/li>\n<li><a href=\"https:\/\/www.opco.fr\/trouver\/?search=IDCC%202727\"><b>IDCC 2727 :<\/b> Convention collective nationale des omnipraticiens exer\u00e7ant dans les centres de sant\u00e9 miniers <\/a><\/li>\n<li><a href=\"https:\/\/www.opco.fr\/trouver\/?search=IDCC%202768\"><b>IDCC 2768 :<\/b> Convention collective nationale de travail des pharmaciens du r\u00e9gime minier <\/a><\/li>\n<li><a href=\"https:\/\/www.opco.fr\/trouver\/?search=IDCC%202796\"><b>IDCC 2796 :<\/b> Convention collective nationale du personnel de direction du r\u00e9gime social des ind\u00e9pendants, ses annexes et son accord d&rsquo;application <\/a><\/li>\n<li><a href=\"https:\/\/www.opco.fr\/trouver\/?search=IDCC%202797\"><b>IDCC 2797 :<\/b> Convention collective nationale sp\u00e9ciale de travail des praticiens conseils du r\u00e9gime social des ind\u00e9pendants et son annexe 1 relative \u00e0 l&rsquo;ARTT <\/a><\/li>\n<li><a href=\"https:\/\/www.opco.fr\/trouver\/?search=IDCC%202798\"><b>IDCC 2798 :<\/b> Convention collective nationale des employ\u00e9s et cadres du r\u00e9gime social des ind\u00e9pendants, ses annexes 1 \u00e0 6 et son accord d&rsquo;application <\/a><\/li>\n<li><a href=\"https:\/\/www.opco.fr\/trouver\/?search=IDCC%202847\"><b>IDCC 2847 :<\/b> Convention collective nationale de P\u00f4le Emploi <\/a><\/li>\n<li><a href=\"https:\/\/www.opco.fr\/trouver\/?search=IDCC%202941\"><b>IDCC 2941 :<\/b> Convention collective nationale de la branche de l&rsquo;aide, de l&rsquo;accompagnement, des soins et des services \u00e0 domicile <\/a><\/li>\n<li><a href=\"https:\/\/www.opco.fr\/trouver\/?search=IDCC%203016\"><b>IDCC 3016 :<\/b> Convention collective nationale des ateliers chantiers d&rsquo;insertion <\/a><\/li>\n<li><a href=\"https:\/\/www.opco.fr\/trouver\/?search=IDCC%203105\"><b>IDCC 3105 :<\/b> Convention collective nationale des r\u00e9gies de quartier <\/a><\/li>\n<li><a href=\"https:\/\/www.opco.fr\/trouver\/?search=IDCC%203220\"><b>IDCC 3220 :<\/b> Convention collective nationale des offices publics de l&rsquo;habitat <\/a><\/li>\n<\/ul>\n[\/vc_column_text][\/vc_column][\/vc_row]\n","protected":false},"excerpt":{"rendered":"<p>[vc_row][vc_column][vc_single_image image=\u00a0\u00bb104&Prime; img_size=\u00a0\u00bbfull\u00a0\u00bb alignment=\u00a0\u00bbcenter\u00a0\u00bb style=\u00a0\u00bbvc_box_shadow\u00a0\u00bb][vc_empty_space][vc_row_inner][vc_column_inner width=\u00a0\u00bb1\/4&Prime;][vc_single_image image=\u00a0\u00bb330&Prime; img_size=\u00a0\u00bbfull\u00a0\u00bb alignment=\u00a0\u00bbcenter\u00a0\u00bb style=\u00a0\u00bbvc_box_border\u00a0\u00bb][vc_column_text] Capture \u00e9cran Uniformation.fr Mai 2021 [\/vc_column_text][\/vc_column_inner][vc_column_inner width=\u00a0\u00bb3\/4&Prime;][vc_column_text el_id=\u00a0\u00bbWP-opco\u00a0\u00bb]L&rsquo;OPCO Coh\u00e9sion Sociale (Uniformation) est l&rsquo;op\u00e9rateur de comp\u00e9tences des secteurs du champ social, services aux personnes, insertion, sport, enseignement et formation. \u00ab\u00a020\u00a0branches professionnelles couvrent ce p\u00e9rim\u00e8tre. Soci\u00e9t\u00e9s, associations, coop\u00e9ratives, organismes sociaux, fondations, organisations syndicales de salari\u00e9s, partis politiques, [&hellip;]<\/p>\n","protected":false},"author":1,"featured_media":0,"parent":0,"menu_order":0,"comment_status":"closed","ping_status":"closed","template":"","meta":[],"yoast_head":"<!-- This site is optimized with the Yoast SEO plugin v16.1.1 - https:\/\/yoast.com\/wordpress\/plugins\/seo\/ -->\n<title>OPCO : Coh\u00e9sion Sociale - OPCO.fr<\/title>\n<meta name=\"description\" content=\"Liste des IDCC du champ d\u2019intervention de l\u2019OPCO Coh\u00e9sion sociale (Uniformation)\" \/>\n<link rel=\"canonical\" href=\"https:\/\/www.opco.fr\/info\/opco-cohesion-sociale\/\" \/>\n<meta property=\"og:locale\" content=\"fr_FR\" \/>\n<meta property=\"og:type\" content=\"article\" \/>\n<meta property=\"og:title\" content=\"OPCO : Coh\u00e9sion Sociale - OPCO.fr\" \/>\n<meta property=\"og:description\" content=\"Liste des IDCC du champ d\u2019intervention de l\u2019OPCO Coh\u00e9sion sociale (Uniformation)\" \/>\n<meta property=\"og:url\" content=\"https:\/\/www.opco.fr\/info\/opco-cohesion-sociale\/\" \/>\n<meta property=\"og:site_name\" content=\"OPCO.fr\" \/>\n<meta property=\"article:modified_time\" content=\"2021-05-18T09:13:12+00:00\" \/>\n<meta name=\"twitter:card\" content=\"summary_large_image\" \/>\n<meta name=\"twitter:label1\" content=\"Dur\u00e9e de lecture est.\">\n\t<meta name=\"twitter:data1\" content=\"3 minutes\">\n<script type=\"application\/ld+json\" class=\"yoast-schema-graph\">{\"@context\":\"https:\/\/schema.org\",\"@graph\":[{\"@type\":\"WebSite\",\"@id\":\"https:\/\/www.opco.fr\/info\/#website\",\"url\":\"https:\/\/www.opco.fr\/info\/\",\"name\":\"OPCO.fr\",\"description\":\"Optimisateur de comp\\u00e9tences\",\"potentialAction\":[{\"@type\":\"SearchAction\",\"target\":\"https:\/\/www.opco.fr\/info\/?s={search_term_string}\",\"query-input\":\"required name=search_term_string\"}],\"inLanguage\":\"fr-FR\"},{\"@type\":\"WebPage\",\"@id\":\"https:\/\/www.opco.fr\/info\/opco-cohesion-sociale\/#webpage\",\"url\":\"https:\/\/www.opco.fr\/info\/opco-cohesion-sociale\/\",\"name\":\"OPCO : Coh\\u00e9sion Sociale - OPCO.fr\",\"isPartOf\":{\"@id\":\"https:\/\/www.opco.fr\/info\/#website\"},\"datePublished\":\"2020-12-09T07:46:24+00:00\",\"dateModified\":\"2021-05-18T09:13:12+00:00\",\"description\":\"Liste des IDCC du champ d\\u2019intervention de l\\u2019OPCO Coh\\u00e9sion sociale (Uniformation)\",\"breadcrumb\":{\"@id\":\"https:\/\/www.opco.fr\/info\/opco-cohesion-sociale\/#breadcrumb\"},\"inLanguage\":\"fr-FR\",\"potentialAction\":[{\"@type\":\"ReadAction\",\"target\":[\"https:\/\/www.opco.fr\/info\/opco-cohesion-sociale\/\"]}]},{\"@type\":\"BreadcrumbList\",\"@id\":\"https:\/\/www.opco.fr\/info\/opco-cohesion-sociale\/#breadcrumb\",\"itemListElement\":[{\"@type\":\"ListItem\",\"position\":1,\"item\":{\"@type\":\"WebPage\",\"@id\":\"https:\/\/www.opco.fr\/info\/\",\"url\":\"https:\/\/www.opco.fr\/info\/\",\"name\":\"Accueil\"}},{\"@type\":\"ListItem\",\"position\":2,\"item\":{\"@type\":\"WebPage\",\"@id\":\"https:\/\/www.opco.fr\/info\/opco-cohesion-sociale\/\",\"url\":\"https:\/\/www.opco.fr\/info\/opco-cohesion-sociale\/\",\"name\":\"OPCO : Coh\\u00e9sion Sociale\"}}]}]}<\/script>\n<!-- \/ Yoast SEO plugin. -->","_links":{"self":[{"href":"https:\/\/www.opco.fr\/info\/wp-json\/wp\/v2\/pages\/56"}],"collection":[{"href":"https:\/\/www.opco.fr\/info\/wp-json\/wp\/v2\/pages"}],"about":[{"href":"https:\/\/www.opco.fr\/info\/wp-json\/wp\/v2\/types\/page"}],"author":[{"embeddable":true,"href":"https:\/\/www.opco.fr\/info\/wp-json\/wp\/v2\/users\/1"}],"replies":[{"embeddable":true,"href":"https:\/\/www.opco.fr\/info\/wp-json\/wp\/v2\/comments?post=56"}],"version-history":[{"count":6,"href":"https:\/\/www.opco.fr\/info\/wp-json\/wp\/v2\/pages\/56\/revisions"}],"predecessor-version":[{"id":331,"href":"https:\/\/www.opco.fr\/info\/wp-json\/wp\/v2\/pages\/56\/revisions\/331"}],"wp:attachment":[{"href":"https:\/\/www.opco.fr\/info\/wp-json\/wp\/v2\/media?parent=56"}],"curies":[{"name":"wp","href":"https:\/\/api.w.org\/{rel}","templated":true}]}}