{"id":437,"date":"2024-08-02T10:35:00","date_gmt":"2024-08-02T08:35:00","guid":{"rendered":"https:\/\/www.opco.fr\/info\/?page_id=437"},"modified":"2024-08-02T10:37:52","modified_gmt":"2024-08-02T08:37:52","slug":"formation-ia","status":"publish","type":"page","link":"https:\/\/www.opco.fr\/info\/formation-ia\/","title":{"rendered":"Formation IA"},"content":{"rendered":"<h1 class=\"title entry-title\">Comprendre l&rsquo;IA<\/h1>\n<p>L&rsquo;objectif de cette courte formation est de permettre une vision globale des enjeux de l&rsquo;utilisation des Intelligences Artificielles dans un cadre professionnel, et de se forger un avis \u00e9clair\u00e9.<\/p>\n<p>Autrement dit, elle permet de se mettre \u00e0 jour, personnellement et professionnellement sur les usages pr\u00e9sents, possibles ou pr\u00e9visibles des IA.<\/p>\n<h2><strong>Caract\u00e9ristiques<\/strong><\/h2>\n<ul>\n<li><strong>Une visio-conf\u00e9rence personnalis\u00e9e<\/strong> d&rsquo;une dur\u00e9e de 2 heures de pr\u00e9sentation + 30 minutes d&rsquo;\u00e9changes<\/li>\n<li><strong>Les th\u00e8mes abord\u00e9s :<\/strong>\n<ul>\n<li>Les fondements th\u00e9oriques de l&rsquo;IA<\/li>\n<li>Le d\u00e9cryptage du \u00ab\u00a0prompt\u00a0\u00bb<\/li>\n<li>L&rsquo;utilisation multimodale avec des exemples (images, texte, code etc.)<\/li>\n<li>L&rsquo;impact de l&rsquo;IA sur la productivit\u00e9<\/li>\n<li>Les limites et pr\u00e9cautions<\/li>\n<\/ul>\n<\/li>\n<li><strong>Le public :<\/strong> Entreprises et Comit\u00e9s de Direction<\/li>\n<li><strong>Nombre de personnes par session :<\/strong> 2 minimum &#8211; 6 maximum<\/li>\n<\/ul>\n<p>&nbsp;<\/p>\n<h2><strong>Formulaire de demande<\/strong><\/h2>\n<p>Note du formateur : Merci d&rsquo;indiquer le niveau de technicit\u00e9 souhait\u00e9e, ainsi que votre secteur d&rsquo;activit\u00e9 pour que nous puissions adapter nos exemples.<\/p>\n<div role=\"form\" class=\"wpcf7\" id=\"wpcf7-f438-o1\" lang=\"fr-FR\" dir=\"ltr\">\n<div class=\"screen-reader-response\"><p role=\"status\" aria-live=\"polite\" aria-atomic=\"true\"><\/p> <ul><\/ul><\/div>\n<form action=\"\/info\/wp-json\/wp\/v2\/pages\/437#wpcf7-f438-o1\" method=\"post\" class=\"wpcf7-form init\" novalidate=\"novalidate\" data-status=\"init\">\n<div style=\"display: none;\">\n<input type=\"hidden\" name=\"_wpcf7\" value=\"438\" \/>\n<input type=\"hidden\" name=\"_wpcf7_version\" value=\"5.4\" \/>\n<input type=\"hidden\" name=\"_wpcf7_locale\" value=\"fr_FR\" \/>\n<input type=\"hidden\" name=\"_wpcf7_unit_tag\" value=\"wpcf7-f438-o1\" \/>\n<input type=\"hidden\" name=\"_wpcf7_container_post\" value=\"0\" \/>\n<input type=\"hidden\" name=\"_wpcf7_posted_data_hash\" value=\"\" \/>\n<input type=\"hidden\" name=\"_wpcf7_recaptcha_response\" value=\"\" \/>\n<\/div>\n<p><label> Votre nom \/ pr\u00e9nom<br \/>\n    <span class=\"wpcf7-form-control-wrap your-name\"><input type=\"text\" name=\"your-name\" value=\"\" size=\"40\" class=\"wpcf7-form-control wpcf7-text wpcf7-validates-as-required\" aria-required=\"true\" aria-invalid=\"false\" \/><\/span> <\/label><\/p>\n<p><label> Votre e-mail<br \/>\n    <span class=\"wpcf7-form-control-wrap your-email\"><input type=\"email\" name=\"your-email\" value=\"\" size=\"40\" class=\"wpcf7-form-control wpcf7-text wpcf7-email wpcf7-validates-as-required wpcf7-validates-as-email\" aria-required=\"true\" aria-invalid=\"false\" \/><\/span> <\/label><\/p>\n<p><label> Votre entreprise et d\u00e9partement (facultatif)<br \/>\n    <span class=\"wpcf7-form-control-wrap societe\"><input type=\"text\" name=\"societe\" value=\"\" size=\"40\" class=\"wpcf7-form-control wpcf7-text\" aria-invalid=\"false\" \/><\/span> <\/label><\/p>\n<p><label> Nombre de personnes pr\u00e9vues (facultatif)<br \/>\n    <span class=\"wpcf7-form-control-wrap nb-personnes\"><input type=\"text\" name=\"nb-personnes\" value=\"\" size=\"40\" class=\"wpcf7-form-control wpcf7-text\" aria-invalid=\"false\" \/><\/span> <\/label><\/p>\n<p><label> Cr\u00e9neaux horaires souhait\u00e9s (facultatif) ex : \" Les mardis ou mercredis en d\u00e9but de matin\u00e9e \"<br \/>\n    <span class=\"wpcf7-form-control-wrap horaires\"><input type=\"text\" name=\"horaires\" value=\"\" size=\"40\" class=\"wpcf7-form-control wpcf7-text\" aria-invalid=\"false\" \/><\/span> <\/label><\/p>\n<p><label> Votre secteur d'activit\u00e9 (facultatif) ex : \" Industrie du bois \"<br \/>\n    <span class=\"wpcf7-form-control-wrap secteur\"><input type=\"text\" name=\"secteur\" value=\"\" size=\"40\" class=\"wpcf7-form-control wpcf7-text\" aria-invalid=\"false\" \/><\/span> <\/label><\/p>\n<p><label> Vos attentes en termes p\u00e9dagogiques (plut\u00f4t d\u00e9couverte, plut\u00f4t technique) et\/ou toutes informations que vous jugez utiles<br \/>\n<span class=\"wpcf7-form-control-wrap textarea-678\"><textarea name=\"textarea-678\" cols=\"40\" rows=\"10\" class=\"wpcf7-form-control wpcf7-textarea\" aria-invalid=\"false\">Vos attentes<\/textarea><\/span> <\/label><\/p>\n<p>Aucune donn\u00e9e de ce formulaire n'est stock\u00e9e, ni partag\u00e9e. Votre demande sera directement transmise au formateur qui vous contactera dans les plus brefs d\u00e9lais avec des propositions horaires et tarif\u00e9es. <\/p>\n<p><input type=\"submit\" value=\"Envoyer\" class=\"wpcf7-form-control wpcf7-submit\" \/><\/p>\n<div class=\"wpcf7-response-output\" aria-hidden=\"true\"><\/div><\/form><\/div>\n","protected":false},"excerpt":{"rendered":"<p>Comprendre l&rsquo;IA L&rsquo;objectif de cette courte formation est de permettre une vision globale des enjeux de l&rsquo;utilisation des Intelligences Artificielles dans un cadre professionnel, et de se forger un avis \u00e9clair\u00e9. Autrement dit, elle permet de se mettre \u00e0 jour, personnellement et professionnellement sur les usages pr\u00e9sents, possibles ou pr\u00e9visibles des IA. Caract\u00e9ristiques Une visio-conf\u00e9rence [&hellip;]<\/p>\n","protected":false},"author":1,"featured_media":0,"parent":0,"menu_order":0,"comment_status":"closed","ping_status":"closed","template":"","meta":[],"yoast_head":"<!-- This site is optimized with the Yoast SEO plugin v16.1.1 - https:\/\/yoast.com\/wordpress\/plugins\/seo\/ -->\n<title>Formation IA - OPCO.fr<\/title>\n<link rel=\"canonical\" href=\"https:\/\/www.opco.fr\/info\/formation-ia\/\" \/>\n<meta property=\"og:locale\" content=\"fr_FR\" \/>\n<meta property=\"og:type\" content=\"article\" \/>\n<meta property=\"og:title\" content=\"Formation IA - OPCO.fr\" \/>\n<meta property=\"og:description\" content=\"Comprendre l&rsquo;IA L&rsquo;objectif de cette courte formation est de permettre une vision globale des enjeux de l&rsquo;utilisation des Intelligences Artificielles dans un cadre professionnel, et de se forger un avis \u00e9clair\u00e9. Autrement dit, elle permet de se mettre \u00e0 jour, personnellement et professionnellement sur les usages pr\u00e9sents, possibles ou pr\u00e9visibles des IA. Caract\u00e9ristiques Une visio-conf\u00e9rence [&hellip;]\" \/>\n<meta property=\"og:url\" content=\"https:\/\/www.opco.fr\/info\/formation-ia\/\" \/>\n<meta property=\"og:site_name\" content=\"OPCO.fr\" \/>\n<meta property=\"article:modified_time\" content=\"2024-08-02T08:37:52+00:00\" \/>\n<meta name=\"twitter:card\" content=\"summary_large_image\" \/>\n<meta name=\"twitter:label1\" content=\"Dur\u00e9e de lecture est.\">\n\t<meta name=\"twitter:data1\" content=\"1 minute\">\n<script type=\"application\/ld+json\" class=\"yoast-schema-graph\">{\"@context\":\"https:\/\/schema.org\",\"@graph\":[{\"@type\":\"WebSite\",\"@id\":\"https:\/\/www.opco.fr\/info\/#website\",\"url\":\"https:\/\/www.opco.fr\/info\/\",\"name\":\"OPCO.fr\",\"description\":\"Optimisateur de comp\\u00e9tences\",\"potentialAction\":[{\"@type\":\"SearchAction\",\"target\":\"https:\/\/www.opco.fr\/info\/?s={search_term_string}\",\"query-input\":\"required name=search_term_string\"}],\"inLanguage\":\"fr-FR\"},{\"@type\":\"WebPage\",\"@id\":\"https:\/\/www.opco.fr\/info\/formation-ia\/#webpage\",\"url\":\"https:\/\/www.opco.fr\/info\/formation-ia\/\",\"name\":\"Formation IA - OPCO.fr\",\"isPartOf\":{\"@id\":\"https:\/\/www.opco.fr\/info\/#website\"},\"datePublished\":\"2024-08-02T08:35:00+00:00\",\"dateModified\":\"2024-08-02T08:37:52+00:00\",\"breadcrumb\":{\"@id\":\"https:\/\/www.opco.fr\/info\/formation-ia\/#breadcrumb\"},\"inLanguage\":\"fr-FR\",\"potentialAction\":[{\"@type\":\"ReadAction\",\"target\":[\"https:\/\/www.opco.fr\/info\/formation-ia\/\"]}]},{\"@type\":\"BreadcrumbList\",\"@id\":\"https:\/\/www.opco.fr\/info\/formation-ia\/#breadcrumb\",\"itemListElement\":[{\"@type\":\"ListItem\",\"position\":1,\"item\":{\"@type\":\"WebPage\",\"@id\":\"https:\/\/www.opco.fr\/info\/\",\"url\":\"https:\/\/www.opco.fr\/info\/\",\"name\":\"Accueil\"}},{\"@type\":\"ListItem\",\"position\":2,\"item\":{\"@type\":\"WebPage\",\"@id\":\"https:\/\/www.opco.fr\/info\/formation-ia\/\",\"url\":\"https:\/\/www.opco.fr\/info\/formation-ia\/\",\"name\":\"Formation IA\"}}]}]}<\/script>\n<!-- \/ Yoast SEO plugin. -->","_links":{"self":[{"href":"https:\/\/www.opco.fr\/info\/wp-json\/wp\/v2\/pages\/437"}],"collection":[{"href":"https:\/\/www.opco.fr\/info\/wp-json\/wp\/v2\/pages"}],"about":[{"href":"https:\/\/www.opco.fr\/info\/wp-json\/wp\/v2\/types\/page"}],"author":[{"embeddable":true,"href":"https:\/\/www.opco.fr\/info\/wp-json\/wp\/v2\/users\/1"}],"replies":[{"embeddable":true,"href":"https:\/\/www.opco.fr\/info\/wp-json\/wp\/v2\/comments?post=437"}],"version-history":[{"count":5,"href":"https:\/\/www.opco.fr\/info\/wp-json\/wp\/v2\/pages\/437\/revisions"}],"predecessor-version":[{"id":443,"href":"https:\/\/www.opco.fr\/info\/wp-json\/wp\/v2\/pages\/437\/revisions\/443"}],"wp:attachment":[{"href":"https:\/\/www.opco.fr\/info\/wp-json\/wp\/v2\/media?parent=437"}],"curies":[{"name":"wp","href":"https:\/\/api.w.org\/{rel}","templated":true}]}}