{"id":43,"date":"2020-12-08T15:50:07","date_gmt":"2020-12-08T14:50:07","guid":{"rendered":"https:\/\/www.opco.fr\/info\/?page_id=43"},"modified":"2021-05-18T10:41:37","modified_gmt":"2021-05-18T08:41:37","slug":"opco-atlas","status":"publish","type":"page","link":"https:\/\/www.opco.fr\/info\/opco-atlas\/","title":{"rendered":"OPCO : ATLAS"},"content":{"rendered":"[vc_row][vc_column][vc_single_image image=\u00a0\u00bb107&Prime; img_size=\u00a0\u00bbfull\u00a0\u00bb alignment=\u00a0\u00bbcenter\u00a0\u00bb style=\u00a0\u00bbvc_box_shadow\u00a0\u00bb][vc_empty_space][vc_row_inner][vc_column_inner width=\u00a0\u00bb1\/4&Prime;][vc_single_image image=\u00a0\u00bb314&Prime; img_size=\u00a0\u00bbfull\u00a0\u00bb alignment=\u00a0\u00bbcenter\u00a0\u00bb style=\u00a0\u00bbvc_box_border\u00a0\u00bb][vc_column_text]\n<p style=\"text-align: center;\">Capture \u00e9cran<br \/>\nOpco-Atlas.fr<br \/>\nMai 2021<\/p>\n[\/vc_column_text][\/vc_column_inner][vc_column_inner width=\u00a0\u00bb3\/4&Prime;][vc_column_text el_id=\u00a0\u00bbWP-opco\u00a0\u00bb]L&rsquo;OPCO ATLAS est l&rsquo;Op\u00e9rateur de comp\u00e9tences dans le champ des assurances, des services financiers et du conseil.<\/p>\n<p>Atlas concerne 15 branches professionnelles r\u00e9unies en 4 grandes familles d\u2019activit\u00e9 : Banque, Finance, Assurance, Conseil<\/p>\n<p>&nbsp;<\/p>\n<p><strong>Site web : <\/strong><a href=\"https:\/\/www.opco-atlas.fr\" target=\"_blank\" rel=\"noopener noreferrer\"><strong>https:\/\/www.opco-atlas.fr<\/strong><\/a>[\/vc_column_text][\/vc_column_inner][\/vc_row_inner][vc_empty_space][vc_column_text el_class=\u00a0\u00bbWP-listeidcc\u00a0\u00bb]\n<h2>Liste indicative des IDCC du champ d\u2019intervention de ATLAS<\/h2>\n<p>&nbsp;<\/p>\n<ul>\n<li><a href=\"https:\/\/www.opco.fr\/trouver\/?search=IDCC%20438\"><b>IDCC 438 :<\/b> Convention collective nationale de travail des \u00e9chelons interm\u00e9diaires des services ext\u00e9rieurs de production des soci\u00e9t\u00e9s d&rsquo;assurances <\/a><\/li>\n<li><a href=\"https:\/\/www.opco.fr\/trouver\/?search=IDCC%20478\"><b>IDCC 478 :<\/b> Convention collective nationale des soci\u00e9t\u00e9s financi\u00e8res <\/a><\/li>\n<li><a href=\"https:\/\/www.opco.fr\/trouver\/?search=IDCC%20653\"><b>IDCC 653 :<\/b> Convention collective nationale de travail des producteurs salari\u00e9s de base des services ext\u00e9rieurs de production des soci\u00e9t\u00e9s d&rsquo;assurances <\/a><\/li>\n<li><a href=\"https:\/\/www.opco.fr\/trouver\/?search=IDCC%20787\"><b>IDCC 787 :<\/b> Convention collective nationale des cabinets d&rsquo;experts-comptables et de commissaires aux comptes <\/a><\/li>\n<li><a href=\"https:\/\/www.opco.fr\/trouver\/?search=IDCC%201468\"><b>IDCC 1468 :<\/b> Convention collective nationale de branche du Cr\u00e9dit mutuel <\/a><\/li>\n<li><a href=\"https:\/\/www.opco.fr\/trouver\/?search=IDCC%201486\"><b>IDCC 1486 :<\/b> Convention collective nationale applicable au personnel des bureaux d&rsquo;\u00e9tudes techniques, des cabinets d&rsquo;ing\u00e9nieurs-conseils et des soci\u00e9t\u00e9s de conseils(BET, SYNTEC) <\/a><\/li>\n<li><a href=\"https:\/\/www.opco.fr\/trouver\/?search=IDCC%201672\"><b>IDCC 1672 :<\/b> Convention collective nationale des soci\u00e9t\u00e9s d&rsquo;assurances <\/a><\/li>\n<li><a href=\"https:\/\/www.opco.fr\/trouver\/?search=IDCC%201679\"><b>IDCC 1679 :<\/b> Convention collective nationale de l&rsquo;inspection d&rsquo;assurance <\/a><\/li>\n<li><a href=\"https:\/\/www.opco.fr\/trouver\/?search=IDCC%201801\"><b>IDCC 1801 :<\/b> Convention collective nationale des soci\u00e9t\u00e9s d&rsquo;assistance <\/a><\/li>\n<li><a href=\"https:\/\/www.opco.fr\/trouver\/?search=IDCC%202120\"><b>IDCC 2120 :<\/b> Convention collective nationale de la banque <\/a><\/li>\n<li><a href=\"https:\/\/www.opco.fr\/trouver\/?search=IDCC%202230\"><b>IDCC 2230 :<\/b> Convention collective nationale des associations agr\u00e9\u00e9es de surveillance de la qualit\u00e9 de l&rsquo;air (annex\u00e9e \u00e0 la convention collective nationale des bureaux d&rsquo;\u00e9tudes techniques, des cabinets d&rsquo;ing\u00e9nieurs-conseils et des soci\u00e9t\u00e9s de conseils 1486) <\/a><\/li>\n<li><a href=\"https:\/\/www.opco.fr\/trouver\/?search=IDCC%202247\"><b>IDCC 2247 :<\/b> Convention collective nationale des entreprises de courtage d&rsquo;assurances et\/ou de r\u00e9assurances <\/a><\/li>\n<li><a href=\"https:\/\/www.opco.fr\/trouver\/?search=IDCC%202335\"><b>IDCC 2335 :<\/b> Convention collective nationale du personnel des agences g\u00e9n\u00e9rales d&rsquo;assurances <\/a><\/li>\n<li><a href=\"https:\/\/www.opco.fr\/trouver\/?search=IDCC%202357\"><b>IDCC 2357 :<\/b> Accord professionnel national du 3 mars 1993 relatif aux cadres de direction des soci\u00e9t\u00e9s d&rsquo;assurances <\/a><\/li>\n<li><a href=\"https:\/\/www.opco.fr\/trouver\/?search=IDCC%202543\"><b>IDCC 2543 :<\/b> Convention collective nationale des cabinets ou entreprises de g\u00e9om\u00e8tres experts, g\u00e9om\u00e8tres topographes photogramm\u00e8tres, experts-fonciers <\/a><\/li>\n<li><a href=\"https:\/\/www.opco.fr\/trouver\/?search=IDCC%202622\"><b>IDCC 2622 :<\/b> Convention collective nationale du cr\u00e9dit maritime mutuel <\/a><\/li>\n<li><a href=\"https:\/\/www.opco.fr\/trouver\/?search=IDCC%202931\"><b>IDCC 2931 :<\/b> Convention collective nationale des activit\u00e9s de march\u00e9s financiers <\/a><\/li>\n<li><a href=\"https:\/\/www.opco.fr\/trouver\/?search=IDCC%203210\"><b>IDCC 3210 :<\/b> Convention collective nationale de la banque populaire <\/a><\/li>\n<li><a href=\"https:\/\/www.opco.fr\/trouver\/?search=IDCC%203213\"><b>IDCC 3213 :<\/b> Convention collective nationale des collaborateurs salari\u00e9s des entreprises d&rsquo;\u00e9conomistes de la construction et des m\u00e9treurs-v\u00e9rificateurs <\/a><\/li>\n<li><a href=\"https:\/\/www.opco.fr\/trouver\/?search=IDCC%205005\"><b>IDCC 5005 :<\/b> Statut des Caisses d&rsquo;\u00e9pargne <\/a><\/li>\n<\/ul>\n[\/vc_column_text][\/vc_column][vc_column][\/vc_column][\/vc_row]\n","protected":false},"excerpt":{"rendered":"<p>[vc_row][vc_column][vc_single_image image=\u00a0\u00bb107&Prime; img_size=\u00a0\u00bbfull\u00a0\u00bb alignment=\u00a0\u00bbcenter\u00a0\u00bb style=\u00a0\u00bbvc_box_shadow\u00a0\u00bb][vc_empty_space][vc_row_inner][vc_column_inner width=\u00a0\u00bb1\/4&Prime;][vc_single_image image=\u00a0\u00bb314&Prime; img_size=\u00a0\u00bbfull\u00a0\u00bb alignment=\u00a0\u00bbcenter\u00a0\u00bb style=\u00a0\u00bbvc_box_border\u00a0\u00bb][vc_column_text] Capture \u00e9cran Opco-Atlas.fr Mai 2021 [\/vc_column_text][\/vc_column_inner][vc_column_inner width=\u00a0\u00bb3\/4&Prime;][vc_column_text el_id=\u00a0\u00bbWP-opco\u00a0\u00bb]L&rsquo;OPCO ATLAS est l&rsquo;Op\u00e9rateur de comp\u00e9tences dans le champ des assurances, des services financiers et du conseil. Atlas concerne 15 branches professionnelles r\u00e9unies en 4 grandes familles d\u2019activit\u00e9 : Banque, Finance, Assurance, Conseil &nbsp; Site web : https:\/\/www.opco-atlas.fr[\/vc_column_text][\/vc_column_inner][\/vc_row_inner][vc_empty_space][vc_column_text [&hellip;]<\/p>\n","protected":false},"author":1,"featured_media":0,"parent":0,"menu_order":0,"comment_status":"closed","ping_status":"closed","template":"","meta":[],"yoast_head":"<!-- This site is optimized with the Yoast SEO plugin v16.1.1 - https:\/\/yoast.com\/wordpress\/plugins\/seo\/ -->\n<title>OPCO : ATLAS - OPCO.fr<\/title>\n<meta name=\"description\" content=\"Liste des conventions collectives couvertes par ATLAS\" \/>\n<link rel=\"canonical\" href=\"https:\/\/www.opco.fr\/info\/opco-atlas\/\" \/>\n<meta property=\"og:locale\" content=\"fr_FR\" \/>\n<meta property=\"og:type\" content=\"article\" \/>\n<meta property=\"og:title\" content=\"OPCO : ATLAS - OPCO.fr\" \/>\n<meta property=\"og:description\" content=\"Liste des conventions collectives couvertes par ATLAS\" \/>\n<meta property=\"og:url\" content=\"https:\/\/www.opco.fr\/info\/opco-atlas\/\" \/>\n<meta property=\"og:site_name\" content=\"OPCO.fr\" \/>\n<meta property=\"article:modified_time\" content=\"2021-05-18T08:41:37+00:00\" \/>\n<meta name=\"twitter:card\" content=\"summary_large_image\" \/>\n<meta name=\"twitter:label1\" content=\"Dur\u00e9e de lecture est.\">\n\t<meta name=\"twitter:data1\" content=\"2 minutes\">\n<script type=\"application\/ld+json\" class=\"yoast-schema-graph\">{\"@context\":\"https:\/\/schema.org\",\"@graph\":[{\"@type\":\"WebSite\",\"@id\":\"https:\/\/www.opco.fr\/info\/#website\",\"url\":\"https:\/\/www.opco.fr\/info\/\",\"name\":\"OPCO.fr\",\"description\":\"Optimisateur de comp\\u00e9tences\",\"potentialAction\":[{\"@type\":\"SearchAction\",\"target\":\"https:\/\/www.opco.fr\/info\/?s={search_term_string}\",\"query-input\":\"required name=search_term_string\"}],\"inLanguage\":\"fr-FR\"},{\"@type\":\"WebPage\",\"@id\":\"https:\/\/www.opco.fr\/info\/opco-atlas\/#webpage\",\"url\":\"https:\/\/www.opco.fr\/info\/opco-atlas\/\",\"name\":\"OPCO : ATLAS - OPCO.fr\",\"isPartOf\":{\"@id\":\"https:\/\/www.opco.fr\/info\/#website\"},\"datePublished\":\"2020-12-08T14:50:07+00:00\",\"dateModified\":\"2021-05-18T08:41:37+00:00\",\"description\":\"Liste des conventions collectives couvertes par ATLAS\",\"breadcrumb\":{\"@id\":\"https:\/\/www.opco.fr\/info\/opco-atlas\/#breadcrumb\"},\"inLanguage\":\"fr-FR\",\"potentialAction\":[{\"@type\":\"ReadAction\",\"target\":[\"https:\/\/www.opco.fr\/info\/opco-atlas\/\"]}]},{\"@type\":\"BreadcrumbList\",\"@id\":\"https:\/\/www.opco.fr\/info\/opco-atlas\/#breadcrumb\",\"itemListElement\":[{\"@type\":\"ListItem\",\"position\":1,\"item\":{\"@type\":\"WebPage\",\"@id\":\"https:\/\/www.opco.fr\/info\/\",\"url\":\"https:\/\/www.opco.fr\/info\/\",\"name\":\"Accueil\"}},{\"@type\":\"ListItem\",\"position\":2,\"item\":{\"@type\":\"WebPage\",\"@id\":\"https:\/\/www.opco.fr\/info\/opco-atlas\/\",\"url\":\"https:\/\/www.opco.fr\/info\/opco-atlas\/\",\"name\":\"OPCO : ATLAS\"}}]}]}<\/script>\n<!-- \/ Yoast SEO plugin. -->","_links":{"self":[{"href":"https:\/\/www.opco.fr\/info\/wp-json\/wp\/v2\/pages\/43"}],"collection":[{"href":"https:\/\/www.opco.fr\/info\/wp-json\/wp\/v2\/pages"}],"about":[{"href":"https:\/\/www.opco.fr\/info\/wp-json\/wp\/v2\/types\/page"}],"author":[{"embeddable":true,"href":"https:\/\/www.opco.fr\/info\/wp-json\/wp\/v2\/users\/1"}],"replies":[{"embeddable":true,"href":"https:\/\/www.opco.fr\/info\/wp-json\/wp\/v2\/comments?post=43"}],"version-history":[{"count":9,"href":"https:\/\/www.opco.fr\/info\/wp-json\/wp\/v2\/pages\/43\/revisions"}],"predecessor-version":[{"id":321,"href":"https:\/\/www.opco.fr\/info\/wp-json\/wp\/v2\/pages\/43\/revisions\/321"}],"wp:attachment":[{"href":"https:\/\/www.opco.fr\/info\/wp-json\/wp\/v2\/media?parent=43"}],"curies":[{"name":"wp","href":"https:\/\/api.w.org\/{rel}","templated":true}]}}