{"id":40,"date":"2020-12-08T15:39:57","date_gmt":"2020-12-08T14:39:57","guid":{"rendered":"https:\/\/www.opco.fr\/info\/?page_id=40"},"modified":"2021-05-18T10:11:37","modified_gmt":"2021-05-18T08:11:37","slug":"opco-akto","status":"publish","type":"page","link":"https:\/\/www.opco.fr\/info\/opco-akto\/","title":{"rendered":"OPCO : AKTO"},"content":{"rendered":"[vc_row][vc_column][vc_single_image image=\u00a0\u00bb106&Prime; img_size=\u00a0\u00bbfull\u00a0\u00bb alignment=\u00a0\u00bbcenter\u00a0\u00bb style=\u00a0\u00bbvc_box_shadow\u00a0\u00bb][vc_empty_space][vc_row_inner][vc_column_inner width=\u00a0\u00bb1\/4&Prime;][vc_single_image image=\u00a0\u00bb307&Prime; img_size=\u00a0\u00bbfull\u00a0\u00bb alignment=\u00a0\u00bbcenter\u00a0\u00bb style=\u00a0\u00bbvc_box_border\u00a0\u00bb][vc_column_text]\n<p style=\"text-align: center;\">Capture \u00e9cran<br \/>\nAkto.fr<br \/>\nMai 2021<\/p>\n[\/vc_column_text][\/vc_column_inner][vc_column_inner width=\u00a0\u00bb3\/4&Prime;][vc_column_text el_id=\u00a0\u00bbWP-opco\u00a0\u00bb]L&rsquo;OPCO AKTO est un op\u00e9rateur de comp\u00e9tences interbranches.<\/p>\n<p>\u00ab\u00a0Agr\u00e9\u00e9 le 1er avril 2019, <strong>l\u2019op\u00e9rateur de comp\u00e9tences AKTO regroupe 4 anciens OPCA <\/strong>\u2013 FAFIH, FAF.TT, INTERGROS, OPCALIA \u2013 <strong>et la branche de la Propret\u00e9<\/strong>. \u00a0\u00bb<\/p>\n<p><strong>Site web officiel : <\/strong><a href=\"https:\/\/www.akto.fr\/\" target=\"_blank\" rel=\"noopener noreferrer\"><strong>https:\/\/www.akto.fr<\/strong><\/a>[\/vc_column_text][\/vc_column_inner][\/vc_row_inner][vc_empty_space][vc_column_text el_class=\u00a0\u00bbWP-listeidcc\u00a0\u00bb]\n<h2>Liste indicative des IDCC du champ d\u2019intervention de AKTO<\/h2>\n<p>&nbsp;<\/p>\n<ul>\n<li><a href=\"https:\/\/www.opco.fr\/trouver\/?search=IDCC%20158\"><b>IDCC 158 :<\/b> Convention collective nationale du travail m\u00e9canique du bois, des scieries, du n\u00e9goce et de l&rsquo;importation des bois <\/a><\/li>\n<li><a href=\"https:\/\/www.opco.fr\/trouver\/?search=IDCC%20275\"><b>IDCC 275 :<\/b> Convention collective nationale du personnel au sol des entreprises de transport a\u00e9rien <\/a><\/li>\n<li><a href=\"https:\/\/www.opco.fr\/trouver\/?search=IDCC%20573\"><b>IDCC 573 :<\/b> Convention collective nationale des commerces de gros <\/a><\/li>\n<li><a href=\"https:\/\/www.opco.fr\/trouver\/?search=IDCC%20635\"><b>IDCC 635 :<\/b> Convention collective nationale du n\u00e9goce en fournitures dentaires (annex\u00e9e \u00e0 la convention collective nationale des commerces de gros 0573) <\/a><\/li>\n<li><a href=\"https:\/\/www.opco.fr\/trouver\/?search=IDCC%20731\"><b>IDCC 731 :<\/b> Convention collective nationale des commerces de quincaillerie, fournitures industrielles, fers, m\u00e9taux et \u00e9quipement de la maison, cadres <\/a><\/li>\n<li><a href=\"https:\/\/www.opco.fr\/trouver\/?search=IDCC%201266\"><b>IDCC 1266 :<\/b> Convention collective nationale du personnel des entreprises de restauration de collectivit\u00e9s <\/a><\/li>\n<li><a href=\"https:\/\/www.opco.fr\/trouver\/?search=IDCC%201311\"><b>IDCC 1311 :<\/b> Convention collective nationale de la restauration ferroviaire <\/a><\/li>\n<li><a href=\"https:\/\/www.opco.fr\/trouver\/?search=IDCC%201351\"><b>IDCC 1351 :<\/b> Convention collective nationale des entreprises de pr\u00e9vention et de s\u00e9curit\u00e9 <\/a><\/li>\n<li><a href=\"https:\/\/www.opco.fr\/trouver\/?search=IDCC%201383\"><b>IDCC 1383 :<\/b> Convention collective nationale des commerces de quincaillerie, fournitures industrielles, fers, m\u00e9taux et \u00e9quipement de la maison, employ\u00e9s et personnels de ma\u00eetrise <\/a><\/li>\n<li><a href=\"https:\/\/www.opco.fr\/trouver\/?search=IDCC%201391\"><b>IDCC 1391 :<\/b> Convention collective r\u00e9gionale concernant le personnel de l&rsquo;industrie, de la manutention et du nettoyage sur les a\u00e9roports ouverts \u00e0 la circulation publique de la r\u00e9gion parisienne (annex\u00e9e \u00e0 la convention collective nationale du personnel au sol des entreprises de transport a\u00e9rien 0275) <\/a><\/li>\n<li><a href=\"https:\/\/www.opco.fr\/trouver\/?search=IDCC%201413\"><b>IDCC 1413 :<\/b> Accord national professionnel relatif aux salari\u00e9s permanents des entreprises de travail temporaire <\/a><\/li>\n<li><a href=\"https:\/\/www.opco.fr\/trouver\/?search=IDCC%201501\"><b>IDCC 1501 :<\/b> Convention collective nationale de la restauration rapide (restauration livr\u00e9e) <\/a><\/li>\n<li><a href=\"https:\/\/www.opco.fr\/trouver\/?search=IDCC%201516\"><b>IDCC 1516 :<\/b> Convention collective nationale des organismes de formation <\/a><\/li>\n<li><a href=\"https:\/\/www.opco.fr\/trouver\/?search=IDCC%201671\"><b>IDCC 1671 :<\/b> Convention collective nationale des maisons d&rsquo;\u00e9tudiants <\/a><\/li>\n<li><a href=\"https:\/\/www.opco.fr\/trouver\/?search=IDCC%201944\"><b>IDCC 1944 :<\/b> Convention collective nationale du personnel navigant technique des exploitants d&rsquo;h\u00e9licopt\u00e8res <\/a><\/li>\n<li><a href=\"https:\/\/www.opco.fr\/trouver\/?search=IDCC%201979\"><b>IDCC 1979 :<\/b> Convention collective nationale des h\u00f4tels, caf\u00e9s, restaurants (HCR) <\/a><\/li>\n<li><a href=\"https:\/\/www.opco.fr\/trouver\/?search=IDCC%202002\"><b>IDCC 2002 :<\/b> Convention collective interr\u00e9gionale de la blanchisserie, laverie, location de linge, nettoyage \u00e0 sec, pressing et teinturerie <\/a><\/li>\n<li><a href=\"https:\/\/www.opco.fr\/trouver\/?search=IDCC%202060\"><b>IDCC 2060 :<\/b> Convention collective nationale des cha\u00eenes de caf\u00e9t\u00e9rias et assimil\u00e9s <\/a><\/li>\n<li><a href=\"https:\/\/www.opco.fr\/trouver\/?search=IDCC%202147\"><b>IDCC 2147 :<\/b> Convention collective nationale des entreprises des services d&rsquo;eau et d&rsquo;assainissement (entreprises en g\u00e9rance, en concession ou en affermage assurent l&rsquo;exploitation, le service, le pompage, le traitement et la distribution d&rsquo;eau \u00e0 usage public, particulier, domestique, agricole) <\/a><\/li>\n<li><a href=\"https:\/\/www.opco.fr\/trouver\/?search=IDCC%202149\"><b>IDCC 2149 :<\/b> Convention collective nationale des activit\u00e9s du d\u00e9chet <\/a><\/li>\n<li><a href=\"https:\/\/www.opco.fr\/trouver\/?search=IDCC%202378\"><b>IDCC 2378 :<\/b> Accords professionnels nationaux concernant le personnel int\u00e9rimaire des entreprises de travail temporaire <\/a><\/li>\n<li><a href=\"https:\/\/www.opco.fr\/trouver\/?search=IDCC%202583\"><b>IDCC 2583 :<\/b> Convention collective nationale de branche des soci\u00e9t\u00e9s concessionnaires ou exploitantes d&rsquo;autoroutes ou d&rsquo;ouvrages routiers <\/a><\/li>\n<li><a href=\"https:\/\/www.opco.fr\/trouver\/?search=IDCC%202691\"><b>IDCC 2691 :<\/b> Convention collective nationale de l&rsquo;enseignement priv\u00e9 ind\u00e9pendant (hors contrat) <\/a><\/li>\n<li><a href=\"https:\/\/www.opco.fr\/trouver\/?search=IDCC%203043\"><b>IDCC 3043 :<\/b> Convention collective nationale des entreprises de propret\u00e9 et services associ\u00e9s du 26 juillet 2011. <\/a><\/li>\n<li><a href=\"https:\/\/www.opco.fr\/trouver\/?search=IDCC%203218\"><b>IDCC 3218 :<\/b> Convention collective nationale de l&rsquo;enseignement priv\u00e9 non lucratif (EPNL) <\/a><\/li>\n<li><a href=\"https:\/\/www.opco.fr\/trouver\/?search=IDCC%203219\"><b>IDCC 3219 :<\/b> Convention collective nationale de branche des salari\u00e9s en portage salarial <\/a><\/li>\n<li><a href=\"https:\/\/www.opco.fr\/trouver\/?search=IDCC%207509\"><b>IDCC 7509 :<\/b> Convention collective nationale des organismes de formation et de promotion agricoles <\/a><\/li>\n<li><a href=\"https:\/\/www.opco.fr\/trouver\/?search=IDCC%207520\"><b>IDCC 7520 :<\/b> Convention collective nationale de l&rsquo;enseignement agricole priv\u00e9 (CNEAP) <\/a><\/li>\n<li><a href=\"https:\/\/www.opco.fr\/trouver\/?search=IDCC%208211\"><b>IDCC 8211 :<\/b> Convention collective r\u00e9gionale des exploitations foresti\u00e8res Champagne Ardenne <\/a><\/li>\n<li><a href=\"https:\/\/www.opco.fr\/trouver\/?search=IDCC%208231\"><b>IDCC 8231 :<\/b> Convention collective r\u00e9gionale des exploitations foresti\u00e8res Haute Normandie <\/a><\/li>\n<li><a href=\"https:\/\/www.opco.fr\/trouver\/?search=IDCC%208241\"><b>IDCC 8241 :<\/b> Convention collective r\u00e9gionale des exploitations foresti\u00e8res scieries Centre <\/a><\/li>\n<li><a href=\"https:\/\/www.opco.fr\/trouver\/?search=IDCC%208251\"><b>IDCC 8251 :<\/b> Convention collective r\u00e9gionale des exploitations foresti\u00e8res scieries Calvados Manche Orne <\/a><\/li>\n<li><a href=\"https:\/\/www.opco.fr\/trouver\/?search=IDCC%208311\"><b>IDCC 8311 :<\/b> Convention collective r\u00e9gionale des exploitations foresti\u00e8res scieries Nord Pas de Calais <\/a><\/li>\n<li><a href=\"https:\/\/www.opco.fr\/trouver\/?search=IDCC%208415\"><b>IDCC 8415 :<\/b> Convention collective r\u00e9gionale des exploitations foresti\u00e8res Lorraine <\/a><\/li>\n<li><a href=\"https:\/\/www.opco.fr\/trouver\/?search=IDCC%208421\"><b>IDCC 8421 :<\/b> Convention collective r\u00e9gionale des exploitations foresti\u00e8res Alsace <\/a><\/li>\n<li><a href=\"https:\/\/www.opco.fr\/trouver\/?search=IDCC%208431\"><b>IDCC 8431 :<\/b> Convention collective r\u00e9gionale des exploitations foresti\u00e8res Doubs Jura Haute-Sa\u00f4ne Territoire de Belfort <\/a><\/li>\n<li><a href=\"https:\/\/www.opco.fr\/trouver\/?search=IDCC%208522\"><b>IDCC 8522 :<\/b> Convention collective r\u00e9gionale des exploitations foresti\u00e8res scieries Pays de la Loire <\/a><\/li>\n<li><a href=\"https:\/\/www.opco.fr\/trouver\/?search=IDCC%208531\"><b>IDCC 8531 :<\/b> Convention collective r\u00e9gionale des exploitations foresti\u00e8res scieries Bretagne <\/a><\/li>\n<li><a href=\"https:\/\/www.opco.fr\/trouver\/?search=IDCC%208721\"><b>IDCC 8721 :<\/b> Convention collective r\u00e9gionale des exploitations foresti\u00e8res scieries Massif Gascogne <\/a><\/li>\n<li><a href=\"https:\/\/www.opco.fr\/trouver\/?search=IDCC%208731\"><b>IDCC 8731 :<\/b> Convention collective r\u00e9gionale des exploitations foresti\u00e8res scieries Midi Pyr\u00e9n\u00e9es <\/a><\/li>\n<li><a href=\"https:\/\/www.opco.fr\/trouver\/?search=IDCC%208741\"><b>IDCC 8741 :<\/b> Convention collective r\u00e9gionale des exploitations foresti\u00e8res Limousin <\/a><\/li>\n<li><a href=\"https:\/\/www.opco.fr\/trouver\/?search=IDCC%208822\"><b>IDCC 8822 :<\/b> Convention collective r\u00e9gionale des exploitations foresti\u00e8res scieries Rh\u00f4ne Alpes <\/a><\/li>\n<li><a href=\"https:\/\/www.opco.fr\/trouver\/?search=IDCC%208831\"><b>IDCC 8831 :<\/b> Convention collective r\u00e9gionale des exploitations foresti\u00e8res scieries Auvergne <\/a><\/li>\n<li><a href=\"https:\/\/www.opco.fr\/trouver\/?search=IDCC%209022\"><b>IDCC 9022 :<\/b> Convention collective d\u00e9partementale des exploitations foresti\u00e8res Aisne <\/a><\/li>\n<li><a href=\"https:\/\/www.opco.fr\/trouver\/?search=IDCC%209062\"><b>IDCC 9062 :<\/b> Convention collective d\u00e9partementale des exploitations foresti\u00e8res scieries Alpes Maritimes <\/a><\/li>\n<li><a href=\"https:\/\/www.opco.fr\/trouver\/?search=IDCC%209211\"><b>IDCC 9211 :<\/b> Convention collective d\u00e9partementale des exploitations foresti\u00e8res scieries C\u00f4te d&rsquo;or <\/a><\/li>\n<li><a href=\"https:\/\/www.opco.fr\/trouver\/?search=IDCC%209581\"><b>IDCC 9581 :<\/b> Convention collective d\u00e9partementale des exploitations foresti\u00e8res Ni\u00e8vre <\/a><\/li>\n<li><a href=\"https:\/\/www.opco.fr\/trouver\/?search=IDCC%209602\"><b>IDCC 9602 :<\/b> Convention collective d\u00e9partementale des exploitations foresti\u00e8res Oise <\/a><\/li>\n<li><a href=\"https:\/\/www.opco.fr\/trouver\/?search=IDCC%209711\"><b>IDCC 9711 :<\/b> Convention collective d\u00e9partementale des exploitations foresti\u00e8res Sa\u00f4ne et Loire <\/a><\/li>\n<li><a href=\"https:\/\/www.opco.fr\/trouver\/?search=IDCC%209801\"><b>IDCC 9801 :<\/b> Convention collective d\u00e9partementale des exploitations foresti\u00e8res Somme <\/a><\/li>\n<li><a href=\"https:\/\/www.opco.fr\/trouver\/?search=IDCC%209891\"><b>IDCC 9891 :<\/b> Convention collective d\u00e9partementale des exploitations foresti\u00e8res Yonne <\/a><\/li>\n<li><a href=\"https:\/\/www.opco.fr\/trouver\/?search=IDCC%202636\"><b>IDCC 2636 :<\/b> Convention Collective Nationale l&rsquo;Enseignement, Ecoles Sup\u00e9rieures d&rsquo;Ing\u00e9nieurs et de Cadres (regroup\u00e9e dans 3218) <\/a><\/li>\n<li><a href=\"https:\/\/www.opco.fr\/trouver\/?search=IDCC%202270\"><b>IDCC 2270 :<\/b> Convention collective Nationale des Universit\u00e9s et Instituts Catholiques (regroup\u00e9e dans 3218) <\/a><\/li>\n<li><a href=\"https:\/\/www.opco.fr\/trouver\/?search=IDCC%200390\"><b>IDCC 0390 :<\/b> Convention collective de travail des professeurs de l&rsquo;enseignement secondaire libre enseignant dans les \u00e9tablissements hors contrat et dans les \u00e9tablissements sous contrat mais sans \u00eatre contractuels (Group\u00e9e dans 3218) <\/a><\/li>\n<li><a href=\"https:\/\/www.opco.fr\/trouver\/?search=IDCC%201326\"><b>IDCC 1326 :<\/b> Convention collective nationale des ma\u00eetres de l&rsquo;enseignement primaire priv\u00e9 dans les classes hors contrat et sous contrat simple et ne relevant pas de la convention collective de travail de l&rsquo;enseignement primaire catholique (group\u00e9e dans 3218) <\/a><\/li>\n<li><a href=\"https:\/\/www.opco.fr\/trouver\/?search=IDCC%201334\"><b>IDCC 1334 :<\/b> Convention collective des psychologues de l\u0092enseignement priv\u00e9 (group\u00e9e dans 3218) <\/a><\/li>\n<li><a href=\"https:\/\/www.opco.fr\/trouver\/?search=IDCC%201446\"><b>IDCC 1446 :<\/b> Convention collective nationale du travail des personnels enseignant hors contrat et des chefs de travaux exer\u00e7ant des responsabilit\u00e9s hors contrat dans les \u00e9tablissements d&rsquo;enseignement techniques priv\u00e9s (group\u00e9e dans 3218) <\/a><\/li>\n<li><a href=\"https:\/\/www.opco.fr\/trouver\/?search=IDCC%201545\"><b>IDCC 1545 :<\/b> Convention collective de travail de l&rsquo;enseignement primaire catholique (group\u00e9e dans 3218) <\/a><\/li>\n<li><a href=\"https:\/\/www.opco.fr\/trouver\/?search=IDCC%202152\"><b>IDCC 2152 :<\/b> Convention collective nationale de travail du personnel enseignant et formateur des centres de formation continue et des centres de formation d&rsquo;apprentis, des sections d&rsquo;apprentissage et des unit\u00e9s de formation par apprentissage int\u00e9gr\u00e9s \u00e0 un \u00e9tablissement technique priv\u00e9 (group\u00e9e dans 3218) <\/a><\/li>\n<li><a href=\"https:\/\/www.opco.fr\/trouver\/?search=IDCC%202408\"><b>IDCC 2408 :<\/b> Convention collective de travail des personnels des services administratifs et \u00e9conomiques, des personnels d&rsquo;\u00e9ducation et des documentalistes des \u00e9tablissements d&rsquo;enseignement priv\u00e9s (group\u00e9e dans 2408) <\/a><\/li>\n<li><a href=\"https:\/\/www.opco.fr\/trouver\/?search=IDCC%203211\"><b>IDCC 3211 :<\/b> Convention collective des salari\u00e9s des \u00e9tablissements priv\u00e9s du 7 juillet 2015 (group\u00e9e dans 3218) <\/a><\/li>\n<\/ul>\n[\/vc_column_text][\/vc_column][\/vc_row]\n","protected":false},"excerpt":{"rendered":"<p>[vc_row][vc_column][vc_single_image image=\u00a0\u00bb106&Prime; img_size=\u00a0\u00bbfull\u00a0\u00bb alignment=\u00a0\u00bbcenter\u00a0\u00bb style=\u00a0\u00bbvc_box_shadow\u00a0\u00bb][vc_empty_space][vc_row_inner][vc_column_inner width=\u00a0\u00bb1\/4&Prime;][vc_single_image image=\u00a0\u00bb307&Prime; img_size=\u00a0\u00bbfull\u00a0\u00bb alignment=\u00a0\u00bbcenter\u00a0\u00bb style=\u00a0\u00bbvc_box_border\u00a0\u00bb][vc_column_text] Capture \u00e9cran Akto.fr Mai 2021 [\/vc_column_text][\/vc_column_inner][vc_column_inner width=\u00a0\u00bb3\/4&Prime;][vc_column_text el_id=\u00a0\u00bbWP-opco\u00a0\u00bb]L&rsquo;OPCO AKTO est un op\u00e9rateur de comp\u00e9tences interbranches. \u00ab\u00a0Agr\u00e9\u00e9 le 1er avril 2019, l\u2019op\u00e9rateur de comp\u00e9tences AKTO regroupe 4 anciens OPCA \u2013 FAFIH, FAF.TT, INTERGROS, OPCALIA \u2013 et la branche de la Propret\u00e9. \u00a0\u00bb Site web officiel : [&hellip;]<\/p>\n","protected":false},"author":1,"featured_media":0,"parent":0,"menu_order":0,"comment_status":"closed","ping_status":"closed","template":"","meta":[],"yoast_head":"<!-- This site is optimized with the Yoast SEO plugin v16.1.1 - https:\/\/yoast.com\/wordpress\/plugins\/seo\/ -->\n<title>OPCO : AKTO - OPCO.fr<\/title>\n<meta name=\"description\" content=\"Liste des conventions collectives couvertes par AKTO\" \/>\n<link rel=\"canonical\" href=\"https:\/\/www.opco.fr\/info\/opco-akto\/\" \/>\n<meta property=\"og:locale\" content=\"fr_FR\" \/>\n<meta property=\"og:type\" content=\"article\" \/>\n<meta property=\"og:title\" content=\"OPCO : AKTO - OPCO.fr\" \/>\n<meta property=\"og:description\" content=\"Liste des conventions collectives couvertes par AKTO\" \/>\n<meta property=\"og:url\" content=\"https:\/\/www.opco.fr\/info\/opco-akto\/\" \/>\n<meta property=\"og:site_name\" content=\"OPCO.fr\" \/>\n<meta property=\"article:modified_time\" content=\"2021-05-18T08:11:37+00:00\" \/>\n<meta name=\"twitter:card\" content=\"summary_large_image\" \/>\n<meta name=\"twitter:label1\" content=\"Dur\u00e9e de lecture est.\">\n\t<meta name=\"twitter:data1\" content=\"5 minutes\">\n<script type=\"application\/ld+json\" class=\"yoast-schema-graph\">{\"@context\":\"https:\/\/schema.org\",\"@graph\":[{\"@type\":\"WebSite\",\"@id\":\"https:\/\/www.opco.fr\/info\/#website\",\"url\":\"https:\/\/www.opco.fr\/info\/\",\"name\":\"OPCO.fr\",\"description\":\"Optimisateur de comp\\u00e9tences\",\"potentialAction\":[{\"@type\":\"SearchAction\",\"target\":\"https:\/\/www.opco.fr\/info\/?s={search_term_string}\",\"query-input\":\"required name=search_term_string\"}],\"inLanguage\":\"fr-FR\"},{\"@type\":\"WebPage\",\"@id\":\"https:\/\/www.opco.fr\/info\/opco-akto\/#webpage\",\"url\":\"https:\/\/www.opco.fr\/info\/opco-akto\/\",\"name\":\"OPCO : AKTO - OPCO.fr\",\"isPartOf\":{\"@id\":\"https:\/\/www.opco.fr\/info\/#website\"},\"datePublished\":\"2020-12-08T14:39:57+00:00\",\"dateModified\":\"2021-05-18T08:11:37+00:00\",\"description\":\"Liste des conventions collectives couvertes par AKTO\",\"breadcrumb\":{\"@id\":\"https:\/\/www.opco.fr\/info\/opco-akto\/#breadcrumb\"},\"inLanguage\":\"fr-FR\",\"potentialAction\":[{\"@type\":\"ReadAction\",\"target\":[\"https:\/\/www.opco.fr\/info\/opco-akto\/\"]}]},{\"@type\":\"BreadcrumbList\",\"@id\":\"https:\/\/www.opco.fr\/info\/opco-akto\/#breadcrumb\",\"itemListElement\":[{\"@type\":\"ListItem\",\"position\":1,\"item\":{\"@type\":\"WebPage\",\"@id\":\"https:\/\/www.opco.fr\/info\/\",\"url\":\"https:\/\/www.opco.fr\/info\/\",\"name\":\"Accueil\"}},{\"@type\":\"ListItem\",\"position\":2,\"item\":{\"@type\":\"WebPage\",\"@id\":\"https:\/\/www.opco.fr\/info\/opco-akto\/\",\"url\":\"https:\/\/www.opco.fr\/info\/opco-akto\/\",\"name\":\"OPCO : AKTO\"}}]}]}<\/script>\n<!-- \/ Yoast SEO plugin. -->","_links":{"self":[{"href":"https:\/\/www.opco.fr\/info\/wp-json\/wp\/v2\/pages\/40"}],"collection":[{"href":"https:\/\/www.opco.fr\/info\/wp-json\/wp\/v2\/pages"}],"about":[{"href":"https:\/\/www.opco.fr\/info\/wp-json\/wp\/v2\/types\/page"}],"author":[{"embeddable":true,"href":"https:\/\/www.opco.fr\/info\/wp-json\/wp\/v2\/users\/1"}],"replies":[{"embeddable":true,"href":"https:\/\/www.opco.fr\/info\/wp-json\/wp\/v2\/comments?post=40"}],"version-history":[{"count":10,"href":"https:\/\/www.opco.fr\/info\/wp-json\/wp\/v2\/pages\/40\/revisions"}],"predecessor-version":[{"id":311,"href":"https:\/\/www.opco.fr\/info\/wp-json\/wp\/v2\/pages\/40\/revisions\/311"}],"wp:attachment":[{"href":"https:\/\/www.opco.fr\/info\/wp-json\/wp\/v2\/media?parent=40"}],"curies":[{"name":"wp","href":"https:\/\/api.w.org\/{rel}","templated":true}]}}