{"id":30,"date":"2020-12-08T15:29:23","date_gmt":"2020-12-08T14:29:23","guid":{"rendered":"https:\/\/www.opco.fr\/info\/?page_id=30"},"modified":"2021-05-18T10:11:49","modified_gmt":"2021-05-18T08:11:49","slug":"opco-afdas","status":"publish","type":"page","link":"https:\/\/www.opco.fr\/info\/opco-afdas\/","title":{"rendered":"OPCO : AFDAS"},"content":{"rendered":"[vc_row][vc_column][vc_single_image image=\u00a0\u00bb105&Prime; img_size=\u00a0\u00bbfull\u00a0\u00bb alignment=\u00a0\u00bbcenter\u00a0\u00bb style=\u00a0\u00bbvc_box_shadow\u00a0\u00bb][vc_empty_space][vc_row_inner][vc_column_inner width=\u00a0\u00bb1\/4&Prime;][vc_single_image image=\u00a0\u00bb291&Prime; img_size=\u00a0\u00bbfull\u00a0\u00bb alignment=\u00a0\u00bbcenter\u00a0\u00bb style=\u00a0\u00bbvc_box_border\u00a0\u00bb][vc_column_text]\n<p style=\"text-align: center;\">Afdas.fr<br \/>\nMai 2021<\/p>\n[\/vc_column_text][\/vc_column_inner][vc_column_inner width=\u00a0\u00bb3\/4&Prime;][vc_column_text el_id=\u00a0\u00bbWP-opco\u00a0\u00bb]<strong>L&rsquo;AFDAS<\/strong> est l&rsquo;op\u00e9rateur de comp\u00e9tences des secteurs de la culture, des industries cr\u00e9atives, des m\u00e9dias, de la communication, des t\u00e9l\u00e9communications, du sport, du tourisme, des loisirs et du divertissement.<\/p>\n<p><strong>Ces missions principales :<\/strong><\/p>\n<p>&#8211; Accompagner le d\u00e9veloppement de l\u2019alternance<br \/>\n&#8211; Accompagner les entreprises dans le d\u00e9veloppement de la formation et particuli\u00e8rement les TPE &#8211; PME<br \/>\n&#8211; Accompagner les branches professionnelles dans le d\u00e9veloppement de certifications et l\u2019observation de l\u2019emploi<br \/>\n&#8211; Accompagner les mutations \u00e9conomiques<br \/>\n&#8211; D\u00e9velopper l\u2019acc\u00e8s \u00e0 la formation pour les publics sp\u00e9cifiques (intermittents du spectacle, artistes-auteurs)<\/p>\n<p><strong>Site web officiel: https:\/\/www.afdas.com<\/strong>[\/vc_column_text][\/vc_column_inner][\/vc_row_inner][\/vc_column][\/vc_row][vc_row][vc_column][vc_column_text el_class=\u00a0\u00bbWP-listeidcc\u00a0\u00bb]\n<h2>Liste indicative des Conventions Collectives (IDCC) du champ d&rsquo;intervention de l&rsquo;AFDAS<\/h2>\n<p>&nbsp;<\/p>\n<ul>\n<li><a href=\"https:\/\/www.opco.fr\/trouver\/?search=IDCC%2086\"><b>IDCC 86 :<\/b> Convention collective nationale des entreprises de publicit\u00e9 et assimil\u00e9es <\/a><\/li>\n<li><a href=\"https:\/\/www.opco.fr\/trouver\/?search=IDCC%20214\"><b>IDCC 214 :<\/b> Convention collective r\u00e9gionale des ouvriers des entreprises de presse de la r\u00e9gion parisienne <\/a><\/li>\n<li><a href=\"https:\/\/www.opco.fr\/trouver\/?search=IDCC%20306\"><b>IDCC 306 :<\/b> Convention collective r\u00e9gionale des cadres techniques de la presse quotidienne parisienne <\/a><\/li>\n<li><a href=\"https:\/\/www.opco.fr\/trouver\/?search=IDCC%20394\"><b>IDCC 394 :<\/b> Convention collective r\u00e9gionale des employ\u00e9s de la presse quotidienne parisienne <\/a><\/li>\n<li><a href=\"https:\/\/www.opco.fr\/trouver\/?search=IDCC%20509\"><b>IDCC 509 :<\/b> Convention collective r\u00e9gionale des cadres administratifs de la presse quotidienne parisienne <\/a><\/li>\n<li><a href=\"https:\/\/www.opco.fr\/trouver\/?search=IDCC%20598\"><b>IDCC 598 :<\/b> Convention collective nationale de travail des ouvriers de la presse quotidienne r\u00e9gionale <\/a><\/li>\n<li><a href=\"https:\/\/www.opco.fr\/trouver\/?search=IDCC%20693\"><b>IDCC 693 :<\/b> Convention collective nationale de travail des employ\u00e9s de la presse quotidienne d\u00e9partementale <\/a><\/li>\n<li><a href=\"https:\/\/www.opco.fr\/trouver\/?search=IDCC%20698\"><b>IDCC 698 :<\/b> Convention collective nationale de travail des employ\u00e9s de la presse quotidienne r\u00e9gionale <\/a><\/li>\n<li><a href=\"https:\/\/www.opco.fr\/trouver\/?search=IDCC%20716\"><b>IDCC 716 :<\/b> Convention collective nationale des employ\u00e9s et ouvriers de la distribution cin\u00e9matographique <\/a><\/li>\n<li><a href=\"https:\/\/www.opco.fr\/trouver\/?search=IDCC%20781\"><b>IDCC 781 :<\/b> Convention collective nationale des cadres administratifs de la presse quotidienne d\u00e9partementale <\/a><\/li>\n<li><a href=\"https:\/\/www.opco.fr\/trouver\/?search=IDCC%20892\"><b>IDCC 892 :<\/b> Convention collective nationale des cadres et agents de ma\u00eetrise de la distribution de films de l&rsquo;industrie cin\u00e9matographique <\/a><\/li>\n<li><a href=\"https:\/\/www.opco.fr\/trouver\/?search=IDCC%201016\"><b>IDCC 1016 :<\/b> Convention collective nationale des cadres et agents de ma\u00eetrise de l&rsquo;\u00e9dition de musique (annex\u00e9e \u00e0 la convention collective nationale de l&rsquo;\u00e9dition 2121) <\/a><\/li>\n<li><a href=\"https:\/\/www.opco.fr\/trouver\/?search=IDCC%201018\"><b>IDCC 1018 :<\/b> Convention collective nationale des cadres techniques de la presse quotidienne d\u00e9partementale fran\u00e7aise <\/a><\/li>\n<li><a href=\"https:\/\/www.opco.fr\/trouver\/?search=IDCC%201083\"><b>IDCC 1083 :<\/b> Convention collective nationale de travail des ouvriers de la presse quotidienne d\u00e9partementale <\/a><\/li>\n<li><a href=\"https:\/\/www.opco.fr\/trouver\/?search=IDCC%201194\"><b>IDCC 1194 :<\/b> Convention collective nationale des employ\u00e9s de l&rsquo;\u00e9dition de musique (annex\u00e9e \u00e0 la convention collective nationale de l&rsquo;\u00e9dition 2121) <\/a><\/li>\n<li><a href=\"https:\/\/www.opco.fr\/trouver\/?search=IDCC%201281\"><b>IDCC 1281 :<\/b> Convention collective nationale des employ\u00e9s de la presse hebdomadaire r\u00e9gionale <\/a><\/li>\n<li><a href=\"https:\/\/www.opco.fr\/trouver\/?search=IDCC%201285\"><b>IDCC 1285 :<\/b> Convention collective nationale pour les entreprises artistiques et culturelles (SYNDEAC) <\/a><\/li>\n<li><a href=\"https:\/\/www.opco.fr\/trouver\/?search=IDCC%201307\"><b>IDCC 1307 :<\/b> Convention collective nationale de l&rsquo;exploitation cin\u00e9matographique <\/a><\/li>\n<li><a href=\"https:\/\/www.opco.fr\/trouver\/?search=IDCC%201480\"><b>IDCC 1480 :<\/b> Convention collective nationale de travail des journalistes <\/a><\/li>\n<li><a href=\"https:\/\/www.opco.fr\/trouver\/?search=IDCC%201563\"><b>IDCC 1563 :<\/b> Convention collective nationale des cadres de la presse hebdomadaire r\u00e9gionale d&rsquo;information <\/a><\/li>\n<li><a href=\"https:\/\/www.opco.fr\/trouver\/?search=IDCC%201618\"><b>IDCC 1618 :<\/b> Convention collective nationale du camping (fusion entre la 1557 et la 1618) <\/a><\/li>\n<li><a href=\"https:\/\/www.opco.fr\/trouver\/?search=IDCC%201631\"><b>IDCC 1631 :<\/b> Convention collective nationale de l&rsquo;h\u00f4tellerie de plein air <\/a><\/li>\n<li><a href=\"https:\/\/www.opco.fr\/trouver\/?search=IDCC%201734\"><b>IDCC 1734 :<\/b> Convention collective des artistes-interpr\u00e8tes engag\u00e9s pour des \u00e9missions de t\u00e9l\u00e9vision (annex\u00e9e \u00e0 la convention collective de la production audiovisuelle 2642) <\/a><\/li>\n<li><a href=\"https:\/\/www.opco.fr\/trouver\/?search=IDCC%201790\"><b>IDCC 1790 :<\/b> Convention collective nationale des espaces de loisirs, d&rsquo;attractions et culturels <\/a><\/li>\n<li><a href=\"https:\/\/www.opco.fr\/trouver\/?search=IDCC%201895\"><b>IDCC 1895 :<\/b> Convention collective nationale de l&rsquo;encadrement de la presse quotidienne r\u00e9gionale <\/a><\/li>\n<li><a href=\"https:\/\/www.opco.fr\/trouver\/?search=IDCC%201909\"><b>IDCC 1909 :<\/b> Convention collective nationale des organismes de tourisme <\/a><\/li>\n<li><a href=\"https:\/\/www.opco.fr\/trouver\/?search=IDCC%201922\"><b>IDCC 1922 :<\/b> Convention collective nationale de la radiodiffusion <\/a><\/li>\n<li><a href=\"https:\/\/www.opco.fr\/trouver\/?search=IDCC%202021\"><b>IDCC 2021 :<\/b> Convention collective nationale du golf <\/a><\/li>\n<li><a href=\"https:\/\/www.opco.fr\/trouver\/?search=IDCC%202121\"><b>IDCC 2121 :<\/b> Convention collective nationale de l&rsquo;\u00e9dition <\/a><\/li>\n<li><a href=\"https:\/\/www.opco.fr\/trouver\/?search=IDCC%202148\"><b>IDCC 2148 :<\/b> Convention collective nationale des t\u00e9l\u00e9communications <\/a><\/li>\n<li><a href=\"https:\/\/www.opco.fr\/trouver\/?search=IDCC%202257\"><b>IDCC 2257 :<\/b> Convention collective nationale des casinos <\/a><\/li>\n<li><a href=\"https:\/\/www.opco.fr\/trouver\/?search=IDCC%202372\"><b>IDCC 2372 :<\/b> Convention collective nationale des entreprises de la distribution directe <\/a><\/li>\n<li><a href=\"https:\/\/www.opco.fr\/trouver\/?search=IDCC%202397\"><b>IDCC 2397 :<\/b> Convention collective nationale des mannequins adultes et des mannequins enfants de moins de seize ans employ\u00e9s par les agences de mannequins (fusion entre la 2717 et la 2397) <\/a><\/li>\n<li><a href=\"https:\/\/www.opco.fr\/trouver\/?search=IDCC%202411\"><b>IDCC 2411 :<\/b> Convention collective nationale des cha\u00eenes th\u00e9matiques <\/a><\/li>\n<li><a href=\"https:\/\/www.opco.fr\/trouver\/?search=IDCC%202412\"><b>IDCC 2412 :<\/b> Convention collective nationale de la production de films d&rsquo;animation <\/a><\/li>\n<li><a href=\"https:\/\/www.opco.fr\/trouver\/?search=IDCC%202511\"><b>IDCC 2511 :<\/b> Convention collective nationale du sport <\/a><\/li>\n<li><a href=\"https:\/\/www.opco.fr\/trouver\/?search=IDCC%202642\"><b>IDCC 2642 :<\/b> Convention collective nationale de la production audiovisuelle <\/a><\/li>\n<li><a href=\"https:\/\/www.opco.fr\/trouver\/?search=IDCC%202683\"><b>IDCC 2683 :<\/b> Convention collective nationale du portage de presse <\/a><\/li>\n<li><a href=\"https:\/\/www.opco.fr\/trouver\/?search=IDCC%202717\"><b>IDCC 2717 :<\/b> Convention collective nationale des entreprises techniques au service de la cr\u00e9ation et de l&rsquo;\u00e9v\u00e9nement (fusion entre la 2717 et la 2397) <\/a><\/li>\n<li><a href=\"https:\/\/www.opco.fr\/trouver\/?search=IDCC%202770\"><b>IDCC 2770 :<\/b> Convention collective nationale de l&rsquo;\u00e9dition phonographique (annex\u00e9e \u00e0 la convention collective nationale de l&rsquo;\u00e9dition 2121) <\/a><\/li>\n<li><a href=\"https:\/\/www.opco.fr\/trouver\/?search=IDCC%203090\"><b>IDCC 3090 :<\/b> Convention collective nationale des entreprises du secteur priv\u00e9 du spectacle vivant <\/a><\/li>\n<li><a href=\"https:\/\/www.opco.fr\/trouver\/?search=IDCC%203097\"><b>IDCC 3097 :<\/b> Convention collective nationale de la production cin\u00e9matographique <\/a><\/li>\n<li><a href=\"https:\/\/www.opco.fr\/trouver\/?search=IDCC%203221\"><b>IDCC 3221 :<\/b> Convention collective nationale des agences de presse <\/a><\/li>\n<li><a href=\"https:\/\/www.opco.fr\/trouver\/?search=IDCC%203225\"><b>IDCC 3225 :<\/b> Convention collective nationale des employ\u00e9s et des cadres des \u00e9diteurs de la presse magazine <\/a><\/li>\n<li><a href=\"https:\/\/www.opco.fr\/trouver\/?search=IDCC%203230\"><b>IDCC 3230 :<\/b> Convention collective nationale de la presse d&rsquo;information sp\u00e9cialis\u00e9e <\/a><\/li>\n<\/ul>\n[\/vc_column_text][\/vc_column][\/vc_row]\n","protected":false},"excerpt":{"rendered":"<p>[vc_row][vc_column][vc_single_image image=\u00a0\u00bb105&Prime; img_size=\u00a0\u00bbfull\u00a0\u00bb alignment=\u00a0\u00bbcenter\u00a0\u00bb style=\u00a0\u00bbvc_box_shadow\u00a0\u00bb][vc_empty_space][vc_row_inner][vc_column_inner width=\u00a0\u00bb1\/4&Prime;][vc_single_image image=\u00a0\u00bb291&Prime; img_size=\u00a0\u00bbfull\u00a0\u00bb alignment=\u00a0\u00bbcenter\u00a0\u00bb style=\u00a0\u00bbvc_box_border\u00a0\u00bb][vc_column_text] Afdas.fr Mai 2021 [\/vc_column_text][\/vc_column_inner][vc_column_inner width=\u00a0\u00bb3\/4&Prime;][vc_column_text el_id=\u00a0\u00bbWP-opco\u00a0\u00bb]L&rsquo;AFDAS est l&rsquo;op\u00e9rateur de comp\u00e9tences des secteurs de la culture, des industries cr\u00e9atives, des m\u00e9dias, de la communication, des t\u00e9l\u00e9communications, du sport, du tourisme, des loisirs et du divertissement. Ces missions principales : &#8211; Accompagner le d\u00e9veloppement de l\u2019alternance &#8211; [&hellip;]<\/p>\n","protected":false},"author":1,"featured_media":0,"parent":0,"menu_order":0,"comment_status":"closed","ping_status":"closed","template":"","meta":[],"yoast_head":"<!-- This site is optimized with the Yoast SEO plugin v16.1.1 - https:\/\/yoast.com\/wordpress\/plugins\/seo\/ -->\n<title>OPCO : AFDAS - OPCO.fr<\/title>\n<meta name=\"description\" content=\"Liste des IDCC du champ d\u2019intervention de l\u2019AFDAS\" \/>\n<link rel=\"canonical\" href=\"https:\/\/www.opco.fr\/info\/opco-afdas\/\" \/>\n<meta property=\"og:locale\" content=\"fr_FR\" \/>\n<meta property=\"og:type\" content=\"article\" \/>\n<meta property=\"og:title\" content=\"OPCO : AFDAS - OPCO.fr\" \/>\n<meta property=\"og:description\" content=\"Liste des IDCC du champ d\u2019intervention de l\u2019AFDAS\" \/>\n<meta property=\"og:url\" content=\"https:\/\/www.opco.fr\/info\/opco-afdas\/\" \/>\n<meta property=\"og:site_name\" content=\"OPCO.fr\" \/>\n<meta property=\"article:modified_time\" content=\"2021-05-18T08:11:49+00:00\" \/>\n<meta name=\"twitter:card\" content=\"summary_large_image\" \/>\n<meta name=\"twitter:label1\" content=\"Dur\u00e9e de lecture est.\">\n\t<meta name=\"twitter:data1\" content=\"4 minutes\">\n<script type=\"application\/ld+json\" class=\"yoast-schema-graph\">{\"@context\":\"https:\/\/schema.org\",\"@graph\":[{\"@type\":\"WebSite\",\"@id\":\"https:\/\/www.opco.fr\/info\/#website\",\"url\":\"https:\/\/www.opco.fr\/info\/\",\"name\":\"OPCO.fr\",\"description\":\"Optimisateur de comp\\u00e9tences\",\"potentialAction\":[{\"@type\":\"SearchAction\",\"target\":\"https:\/\/www.opco.fr\/info\/?s={search_term_string}\",\"query-input\":\"required name=search_term_string\"}],\"inLanguage\":\"fr-FR\"},{\"@type\":\"WebPage\",\"@id\":\"https:\/\/www.opco.fr\/info\/opco-afdas\/#webpage\",\"url\":\"https:\/\/www.opco.fr\/info\/opco-afdas\/\",\"name\":\"OPCO : AFDAS - OPCO.fr\",\"isPartOf\":{\"@id\":\"https:\/\/www.opco.fr\/info\/#website\"},\"datePublished\":\"2020-12-08T14:29:23+00:00\",\"dateModified\":\"2021-05-18T08:11:49+00:00\",\"description\":\"Liste des IDCC du champ d\\u2019intervention de l\\u2019AFDAS\",\"breadcrumb\":{\"@id\":\"https:\/\/www.opco.fr\/info\/opco-afdas\/#breadcrumb\"},\"inLanguage\":\"fr-FR\",\"potentialAction\":[{\"@type\":\"ReadAction\",\"target\":[\"https:\/\/www.opco.fr\/info\/opco-afdas\/\"]}]},{\"@type\":\"BreadcrumbList\",\"@id\":\"https:\/\/www.opco.fr\/info\/opco-afdas\/#breadcrumb\",\"itemListElement\":[{\"@type\":\"ListItem\",\"position\":1,\"item\":{\"@type\":\"WebPage\",\"@id\":\"https:\/\/www.opco.fr\/info\/\",\"url\":\"https:\/\/www.opco.fr\/info\/\",\"name\":\"Accueil\"}},{\"@type\":\"ListItem\",\"position\":2,\"item\":{\"@type\":\"WebPage\",\"@id\":\"https:\/\/www.opco.fr\/info\/opco-afdas\/\",\"url\":\"https:\/\/www.opco.fr\/info\/opco-afdas\/\",\"name\":\"OPCO : AFDAS\"}}]}]}<\/script>\n<!-- \/ Yoast SEO plugin. -->","_links":{"self":[{"href":"https:\/\/www.opco.fr\/info\/wp-json\/wp\/v2\/pages\/30"}],"collection":[{"href":"https:\/\/www.opco.fr\/info\/wp-json\/wp\/v2\/pages"}],"about":[{"href":"https:\/\/www.opco.fr\/info\/wp-json\/wp\/v2\/types\/page"}],"author":[{"embeddable":true,"href":"https:\/\/www.opco.fr\/info\/wp-json\/wp\/v2\/users\/1"}],"replies":[{"embeddable":true,"href":"https:\/\/www.opco.fr\/info\/wp-json\/wp\/v2\/comments?post=30"}],"version-history":[{"count":30,"href":"https:\/\/www.opco.fr\/info\/wp-json\/wp\/v2\/pages\/30\/revisions"}],"predecessor-version":[{"id":312,"href":"https:\/\/www.opco.fr\/info\/wp-json\/wp\/v2\/pages\/30\/revisions\/312"}],"wp:attachment":[{"href":"https:\/\/www.opco.fr\/info\/wp-json\/wp\/v2\/media?parent=30"}],"curies":[{"name":"wp","href":"https:\/\/api.w.org\/{rel}","templated":true}]}}