{"id":16,"date":"2020-11-03T15:32:43","date_gmt":"2020-11-03T14:32:43","guid":{"rendered":"https:\/\/www.opco.fr\/info\/?page_id=16"},"modified":"2021-01-22T10:57:36","modified_gmt":"2021-01-22T09:57:36","slug":"contact","status":"publish","type":"page","link":"https:\/\/www.opco.fr\/info\/contact\/","title":{"rendered":"Contacter votre OPCO"},"content":{"rendered":"[vc_row][vc_column][vc_column_text]\n<h2>Prendre contact avec votre OPCO<\/h2>\n<h3 style=\"text-align: left; padding-left: 40px;\">Pourquoi il est difficile de trouver l&rsquo;adresse d&rsquo;un OPCO ?<\/h3>\n<p style=\"padding-left: 80px;\">Depuis le regroupement des OPCA en OPCO (2019), nombre de restructurations ont \u00e9t\u00e9 effectu\u00e9es au sein des organismes. Si dans la majorit\u00e9 des cas les coordonn\u00e9es des si\u00e8ges sont rest\u00e9es les m\u00eames, n&rsquo;effectuant qu&rsquo;un changement de nom, beaucoup ont chang\u00e9 d&rsquo;adresse et de num\u00e9ro de t\u00e9l\u00e9phone. R\u00e9affectation des antennes, changements de pr\u00e9rogatives, le monde des \u00ab\u00a0Op\u00e9rateurs de Comp\u00e9tences\u00a0\u00bb s&rsquo;organise petit \u00e0 petit.<\/p>\n<p style=\"padding-left: 80px;\">De plus, suivant le secteur d&rsquo;activit\u00e9, les OPCO ont des proc\u00e9dures de prise de contact diff\u00e9rentes: certaines sont centralis\u00e9es \u00e0 un niveau national, d&rsquo;autres \u00e9parpill\u00e9es en antennes avec des interlocuteurs de proximit\u00e9.<\/p>\n<p style=\"padding-left: 80px;\">Enfin, notez que la majorit\u00e9 des OPCO ont des num\u00e9ros de contact diff\u00e9rents pour les appeler selon que vous \u00eates une entreprise, un salari\u00e9 ou un partenaire.<\/p>\n<h3 style=\"padding-left: 40px;\">Le plus simple pour joindre votre OPCO ?<\/h3>\n<p style=\"padding-left: 80px;\"><strong>Si vous avez d\u00e9j\u00e0 trouv\u00e9 votre OPCO,<\/strong> le plus simple est d&rsquo;aller sur son site officiel (la liste est dans le menu) et de trouver la page contact. Certains OPCO proposent m\u00eame la liste des responsables de secteur sur fichiers PDF.<\/p>\n<p style=\"padding-left: 80px;\"><strong>Si vous ne connaissez pas votre OPCO,<\/strong> le plus simple est d&rsquo;utiliser notre moteur de recherche en indiquant bien votre code postal, car les adresses propos\u00e9es seront alors les plus ad\u00e9quates \u00e0 votre localisation. =&gt; <a href=\"https:\/\/www.opco.fr\">Trouvez votre OPCO<\/a><\/p>\n[\/vc_column_text][vc_empty_space][vc_separator][vc_column_text]\n<h2>Prendre contact avec OPCO.fr : Toute notre \u00e9quipe est \u00e0 votre disposition<br \/>\nNous vous r\u00e9pondrons dans les plus brefs d\u00e9lais.<\/h2>\n<p>&nbsp;<\/p>\n<div role=\"form\" class=\"wpcf7\" id=\"wpcf7-f5-o1\" lang=\"fr-FR\" dir=\"ltr\">\n<div class=\"screen-reader-response\"><p role=\"status\" aria-live=\"polite\" aria-atomic=\"true\"><\/p> <ul><\/ul><\/div>\n<form action=\"\/info\/wp-json\/wp\/v2\/pages\/16#wpcf7-f5-o1\" method=\"post\" class=\"wpcf7-form init\" novalidate=\"novalidate\" data-status=\"init\">\n<div style=\"display: none;\">\n<input type=\"hidden\" name=\"_wpcf7\" value=\"5\" \/>\n<input type=\"hidden\" name=\"_wpcf7_version\" value=\"5.4\" \/>\n<input type=\"hidden\" name=\"_wpcf7_locale\" value=\"fr_FR\" \/>\n<input type=\"hidden\" name=\"_wpcf7_unit_tag\" value=\"wpcf7-f5-o1\" \/>\n<input type=\"hidden\" name=\"_wpcf7_container_post\" value=\"0\" \/>\n<input type=\"hidden\" name=\"_wpcf7_posted_data_hash\" value=\"\" \/>\n<input type=\"hidden\" name=\"_wpcf7_recaptcha_response\" value=\"\" \/>\n<\/div>\n<p><label> Votre nom<br \/>\n    <span class=\"wpcf7-form-control-wrap your-name\"><input type=\"text\" name=\"your-name\" value=\"\" size=\"40\" class=\"wpcf7-form-control wpcf7-text wpcf7-validates-as-required\" aria-required=\"true\" aria-invalid=\"false\" \/><\/span> <\/label><\/p>\n<p><label> Votre email<br \/>\n    <span class=\"wpcf7-form-control-wrap your-email\"><input type=\"email\" name=\"your-email\" value=\"\" size=\"40\" class=\"wpcf7-form-control wpcf7-text wpcf7-email wpcf7-validates-as-required wpcf7-validates-as-email\" aria-required=\"true\" aria-invalid=\"false\" \/><\/span> <\/label><\/p>\n<p><label> Objet de votre message<br \/>\n    <span class=\"wpcf7-form-control-wrap your-subject\"><input type=\"text\" name=\"your-subject\" value=\"\" size=\"40\" class=\"wpcf7-form-control wpcf7-text wpcf7-validates-as-required\" aria-required=\"true\" aria-invalid=\"false\" \/><\/span> <\/label><\/p>\n<p><label> Votre message<br \/>\n    <span class=\"wpcf7-form-control-wrap your-message\"><textarea name=\"your-message\" cols=\"40\" rows=\"10\" class=\"wpcf7-form-control wpcf7-textarea\" aria-invalid=\"false\"><\/textarea><\/span> <\/label><\/p>\n<p><input type=\"submit\" value=\"ENVOYER\" class=\"wpcf7-form-control wpcf7-submit\" \/><\/p>\n<div class=\"wpcf7-response-output\" aria-hidden=\"true\"><\/div><\/form><\/div>[\/vc_column_text][\/vc_column][\/vc_row]\n","protected":false},"excerpt":{"rendered":"<p>[vc_row][vc_column][vc_column_text] Prendre contact avec votre OPCO Pourquoi il est difficile de trouver l&rsquo;adresse d&rsquo;un OPCO ? Depuis le regroupement des OPCA en OPCO (2019), nombre de restructurations ont \u00e9t\u00e9 effectu\u00e9es au sein des organismes. Si dans la majorit\u00e9 des cas les coordonn\u00e9es des si\u00e8ges sont rest\u00e9es les m\u00eames, n&rsquo;effectuant qu&rsquo;un changement de nom, beaucoup ont [&hellip;]<\/p>\n","protected":false},"author":1,"featured_media":0,"parent":0,"menu_order":0,"comment_status":"closed","ping_status":"closed","template":"","meta":[],"yoast_head":"<!-- This site is optimized with the Yoast SEO plugin v16.1.1 - https:\/\/yoast.com\/wordpress\/plugins\/seo\/ -->\n<title>Contacter votre OPCO - OPCO.fr<\/title>\n<meta name=\"description\" content=\"Pour trouver les adresses de vos OPCO ou nous contacter\" \/>\n<link rel=\"canonical\" href=\"https:\/\/www.opco.fr\/info\/contact\/\" \/>\n<meta property=\"og:locale\" content=\"fr_FR\" \/>\n<meta property=\"og:type\" content=\"article\" \/>\n<meta property=\"og:title\" content=\"Contacter votre OPCO - OPCO.fr\" \/>\n<meta property=\"og:description\" content=\"Pour trouver les adresses de vos OPCO ou nous contacter\" \/>\n<meta property=\"og:url\" content=\"https:\/\/www.opco.fr\/info\/contact\/\" \/>\n<meta property=\"og:site_name\" content=\"OPCO.fr\" \/>\n<meta property=\"article:modified_time\" content=\"2021-01-22T09:57:36+00:00\" \/>\n<meta name=\"twitter:card\" content=\"summary_large_image\" \/>\n<meta name=\"twitter:label1\" content=\"Dur\u00e9e de lecture est.\">\n\t<meta name=\"twitter:data1\" content=\"1 minute\">\n<script type=\"application\/ld+json\" class=\"yoast-schema-graph\">{\"@context\":\"https:\/\/schema.org\",\"@graph\":[{\"@type\":\"WebSite\",\"@id\":\"https:\/\/www.opco.fr\/info\/#website\",\"url\":\"https:\/\/www.opco.fr\/info\/\",\"name\":\"OPCO.fr\",\"description\":\"Optimisateur de comp\\u00e9tences\",\"potentialAction\":[{\"@type\":\"SearchAction\",\"target\":\"https:\/\/www.opco.fr\/info\/?s={search_term_string}\",\"query-input\":\"required name=search_term_string\"}],\"inLanguage\":\"fr-FR\"},{\"@type\":\"WebPage\",\"@id\":\"https:\/\/www.opco.fr\/info\/contact\/#webpage\",\"url\":\"https:\/\/www.opco.fr\/info\/contact\/\",\"name\":\"Contacter votre OPCO - OPCO.fr\",\"isPartOf\":{\"@id\":\"https:\/\/www.opco.fr\/info\/#website\"},\"datePublished\":\"2020-11-03T14:32:43+00:00\",\"dateModified\":\"2021-01-22T09:57:36+00:00\",\"description\":\"Pour trouver les adresses de vos OPCO ou nous contacter\",\"breadcrumb\":{\"@id\":\"https:\/\/www.opco.fr\/info\/contact\/#breadcrumb\"},\"inLanguage\":\"fr-FR\",\"potentialAction\":[{\"@type\":\"ReadAction\",\"target\":[\"https:\/\/www.opco.fr\/info\/contact\/\"]}]},{\"@type\":\"BreadcrumbList\",\"@id\":\"https:\/\/www.opco.fr\/info\/contact\/#breadcrumb\",\"itemListElement\":[{\"@type\":\"ListItem\",\"position\":1,\"item\":{\"@type\":\"WebPage\",\"@id\":\"https:\/\/www.opco.fr\/info\/\",\"url\":\"https:\/\/www.opco.fr\/info\/\",\"name\":\"Accueil\"}},{\"@type\":\"ListItem\",\"position\":2,\"item\":{\"@type\":\"WebPage\",\"@id\":\"https:\/\/www.opco.fr\/info\/contact\/\",\"url\":\"https:\/\/www.opco.fr\/info\/contact\/\",\"name\":\"Contacter votre OPCO\"}}]}]}<\/script>\n<!-- \/ Yoast SEO plugin. -->","_links":{"self":[{"href":"https:\/\/www.opco.fr\/info\/wp-json\/wp\/v2\/pages\/16"}],"collection":[{"href":"https:\/\/www.opco.fr\/info\/wp-json\/wp\/v2\/pages"}],"about":[{"href":"https:\/\/www.opco.fr\/info\/wp-json\/wp\/v2\/types\/page"}],"author":[{"embeddable":true,"href":"https:\/\/www.opco.fr\/info\/wp-json\/wp\/v2\/users\/1"}],"replies":[{"embeddable":true,"href":"https:\/\/www.opco.fr\/info\/wp-json\/wp\/v2\/comments?post=16"}],"version-history":[{"count":11,"href":"https:\/\/www.opco.fr\/info\/wp-json\/wp\/v2\/pages\/16\/revisions"}],"predecessor-version":[{"id":186,"href":"https:\/\/www.opco.fr\/info\/wp-json\/wp\/v2\/pages\/16\/revisions\/186"}],"wp:attachment":[{"href":"https:\/\/www.opco.fr\/info\/wp-json\/wp\/v2\/media?parent=16"}],"curies":[{"name":"wp","href":"https:\/\/api.w.org\/{rel}","templated":true}]}}