{"id":155,"date":"2021-01-15T09:54:52","date_gmt":"2021-01-15T08:54:52","guid":{"rendered":"https:\/\/www.opco.fr\/info\/?page_id=155"},"modified":"2021-05-17T10:30:05","modified_gmt":"2021-05-17T08:30:05","slug":"les-principaux-organismes-de-formation-continue-en-france","status":"publish","type":"page","link":"https:\/\/www.opco.fr\/info\/les-principaux-organismes-de-formation-continue-en-france\/","title":{"rendered":"Les principaux organismes de formation continue en France"},"content":{"rendered":"[vc_row][vc_column][vc_column_text el_id=\u00a0\u00bbWP-intro\u00a0\u00bb]\n<div class=\"text-content\">La formation, qu&rsquo;elle soit initiale ou continue, constitue un levier majeur pour faire correspondre les besoins des entreprises et les aspirations professionnelles des individus. Ce d\u00e9fi oblige les nombreux acteurs de formation du march\u00e9 \u00e0 s&rsquo;adapter en permanence. Du point de vue des individus, il est parfois difficile de s&rsquo;y retrouver parmi le fourmillement d&rsquo;acteurs dispensant des formations.<\/div>\n<div><\/div>\n<div class=\"text-content\">Cet article propose de vous aider en \u00e9tablissant une liste non-exhaustive des diff\u00e9rents organismes, publics et priv\u00e9s, proposant des formations \u00e0 destination des adultes.<\/div>\n[\/vc_column_text][vc_empty_space]<div class=\"shortcode-wrapper shortcode-title clearfix\"><h2 class=\"modern aligncenter\">Les GRETA : des \u00e9tablissements publics rattach\u00e9s au minist\u00e8re de l&rsquo;Education Nationale <span class=\"bottom-line\"><\/span><\/h2><\/div>[vc_empty_space][vc_column_text]\n<div class=\"text-content\">\n<p>Les GRETA sont des groupements d&rsquo;\u00e9tablissements publics locaux d&rsquo;enseignement rattach\u00e9s au minist\u00e8re de l&rsquo;Education Nationale. Ces organismes proposent des formations pour adultes dans des domaines vari\u00e9s. Cela est rendu possible par la mise en commun de ressources mat\u00e9rielles et humaines d&rsquo;\u00e9tablissements scolaires comme les coll\u00e8ges et les lyc\u00e9es.<\/p>\n<p>Les formations dispens\u00e9es b\u00e9n\u00e9ficient d&rsquo;une souplesse int\u00e9ressante dans la mesure o\u00f9 elles sont <strong>adapt\u00e9es aux emplois du temps de chaque stagiaire <\/strong>. De plus, les formateurs peuvent se d\u00e9placer sur le lieu de travail habituel du stagiaire, \u00e9vitant ainsi les d\u00e9placements et une organisation contraignante.<\/p>\n<p>Sur le plan financier, les formations sont g\u00e9n\u00e9ralement <strong>prises en charge via diff\u00e9rents dispositifs <\/strong>(compte personnel de formation, contrat d&rsquo;apprentissage, dispositif de validation des acquis et de l&rsquo;exp\u00e9rience\u2026).<\/p>\n<\/div>\n<div class=\"text-content\">\n<p>&nbsp;<\/p>\n<\/div>\n[\/vc_column_text][vc_empty_space]<div class=\"shortcode-wrapper shortcode-title clearfix\"><h2 class=\"modern aligncenter\">L&rsquo;offre de formation diversifi\u00e9e des Chambres de Commerces et de l&rsquo;Industrie <span class=\"bottom-line\"><\/span><\/h2><\/div>[vc_empty_space][vc_column_text]\n<div class=\"text-content\">\n<div class=\"text-content\">\n<p>L&rsquo;offre consacr\u00e9e par les Chambres de Commerce et de l&rsquo;Industrie est l&rsquo;une des plus importantes du r\u00e9seau national de formation continue avec <strong>300 000 stagiaires accueillis chaque ann\u00e9e dans 186 centres <\/strong>situ\u00e9s sur le territoire fran\u00e7ais. Les grandes \u00e9coles des CCI proposent une offre de formation adapt\u00e9e aux besoins de chaque territoire.<\/p>\n<p>Les formations visent diff\u00e9rents domaines\u00a0: <strong>management, m\u00e9tiers du commerce, informatique, design commercial, logistique, entrepreneuriat <\/strong>. La CCI offre des formations en langues \u00e9trang\u00e8res dispens\u00e9es par plus de 2000 enseignants de haut niveau exer\u00e7ant dans le monde de l&rsquo;entreprise. Le Centre d&rsquo;Etude de Langues (CEL) est d&rsquo;ailleurs <strong>le 1er r\u00e9seau de formation en langues vivantes de France <\/strong>.<\/p>\n<\/div>\n<\/div>\n<div class=\"text-content\">\n<p>&nbsp;<\/p>\n<\/div>\n[\/vc_column_text][vc_empty_space]<div class=\"shortcode-wrapper shortcode-title clearfix\"><h2 class=\"modern aligncenter\">Les formations des Chambres de M\u00e9tiers et de l&rsquo;artisanat <span class=\"bottom-line\"><\/span><\/h2><\/div>[vc_empty_space][vc_column_text]\n<div class=\"text-content\">\n<p>Le Centre de Formation des Chambres de M\u00e9tiers et de l&rsquo;Artisanat (CFCMA) dispense plus de 164 formations sur tout le territoire. Peuvent en b\u00e9n\u00e9ficier les collaborateurs des Chambres des M\u00e9tiers et de l&rsquo;Artisanat et des Centres de Formation des Apprentis (CFA). Elles ont lieu tant\u00f4t hors de l&rsquo;entreprise tant\u00f4t en entreprise pour s&rsquo;adapter aux exigences du plus grand nombre.<\/p>\n<p>Selon un sondage r\u00e9alis\u00e9 par ForMetris en 2015, <strong>83% des stagiaires sont satisfaits de la qualit\u00e9 des formations <\/strong>. Les secteurs d&rsquo;activit\u00e9 vis\u00e9s sont multiples\u00a0: alimentaire, h\u00f4tellerie, restauration, beaut\u00e9, mode, arts, graphisme, sant\u00e9, nature, m\u00e9canique, b\u00e2timent\u2026<\/p>\n<\/div>\n[\/vc_column_text][vc_empty_space]<div class=\"shortcode-wrapper shortcode-title clearfix\"><h2 class=\"modern aligncenter\">Des formations \u00e0 dominante agricole <span class=\"bottom-line\"><\/span><\/h2><\/div>[vc_empty_space][vc_column_text]\n<div class=\"text-content\">\n<p>Les chambres d&rsquo;agriculture, cr\u00e9\u00e9es en 1924, d\u00e9signent l&rsquo;ensemble des \u00e9tablissements publics dirig\u00e9s par des \u00e9lus. Tous les acteurs du monde agricole (exploitants, propri\u00e9taires, salari\u00e9s, groupements professionnels) y sont repr\u00e9sent\u00e9s.<\/p>\n<p>Qu&rsquo;il s&rsquo;agisse <strong>d&rsquo;une reprise, d&rsquo;une cr\u00e9ation d&rsquo;entreprise ou d&rsquo;une volont\u00e9 d&rsquo;am\u00e9liorer ou d&rsquo;apprendre des techniques agricoles particuli\u00e8res <\/strong>, les formations propos\u00e9es sont pertinentes.<\/p>\n<\/div>\n[\/vc_column_text][vc_empty_space]<div class=\"shortcode-wrapper shortcode-title clearfix\"><h2 class=\"modern aligncenter\">Les leviers de la formation continue au b\u00e9n\u00e9fice des b\u00e9n\u00e9voles des associations <span class=\"bottom-line\"><\/span><\/h2><\/div>[vc_empty_space][vc_column_text]\n<div class=\"text-content\">Les b\u00e9n\u00e9voles des associations ne sont pas exclus des dispositifs de formation en France. Qu&rsquo;il soit salari\u00e9 du secteur priv\u00e9 ou agent public, chaque b\u00e9n\u00e9vole peut se former et b\u00e9n\u00e9ficier d&rsquo;une prise en charge. <strong>Le compte personnel de formation (CPF), le compte engagement citoyen (CEC)<\/strong> constituent les deux leviers principaux. Entrent \u00e9galement dans ce champ certains cong\u00e9s particuliers comme le CPF de transition (secteur priv\u00e9), le cong\u00e9 de formation professionnelle (fonctionnaire ou contractuel) ou encore le cong\u00e9 de formation de cadres et d&rsquo;animateurs pour la jeunesse. La Validation des Acquis de l&rsquo;Exp\u00e9rience professionnelle (VAE) est un moyen pour un b\u00e9n\u00e9vole d&rsquo;obtenir une certification officielle.<\/div>\n[\/vc_column_text][vc_empty_space]<div class=\"shortcode-wrapper shortcode-title clearfix\"><h2 class=\"modern aligncenter\">Les consultants freelance : une ind\u00e9pendance apportant de nombreux avantages <span class=\"bottom-line\"><\/span><\/h2><\/div>[vc_empty_space][vc_column_text]\n<div class=\"text-content\">\n<p>Les consultants ind\u00e9pendants ont \u00e9merg\u00e9 en 1981, ann\u00e9e o\u00f9 le premier syndicat de formateurs consultants voit le jour. Il s&rsquo;agit ici de <strong>v\u00e9ritables experts poss\u00e9dant des connaissances pouss\u00e9es dans un ou plusieurs domaines <\/strong>. Ils assurent des prestations de formation ainsi que des prestations de <strong>conseil et de perfectionnement <\/strong>.<\/p>\n<p>Les salari\u00e9s ou les demandeurs d&#8217;emploi peuvent faire appel \u00e0 ses services pour acqu\u00e9rir de nouvelles comp\u00e9tences ou pour les mettre \u00e0 jour. Dans les faits, le consultant ind\u00e9pendant organise des <strong>webinars, s\u00e9minaires, stages et des formations individuelles et\/ou collectives <\/strong>.<\/p>\n<\/div>\n[\/vc_column_text][vc_empty_space]<div class=\"shortcode-wrapper shortcode-title clearfix\"><h2 class=\"modern aligncenter\">L&rsquo;offre de formation \u00e0 distance propos\u00e9e par le CNED <span class=\"bottom-line\"><\/span><\/h2><\/div>[vc_empty_space][vc_column_text]\n<div class=\"text-content\">\n<p>Le Centre national d&rsquo;enseignement \u00e0 distance (CNED) est une institution proposant des formations \u00e0 distance pour trois types de public\u00a0: les enfants scolaris\u00e9s, les \u00e9tudiants et les adultes.<\/p>\n<p>L&rsquo;offre r\u00e9serv\u00e9e aux adultes est quasiment similaire \u00e0 celle propos\u00e9e pour les \u00e9tudiants. Des cursus sp\u00e9cifiques sont n\u00e9anmoins dispens\u00e9s afin de <strong>favoriser la remise \u00e0 niveau des adultes dans certains domaines <\/strong>(parcours de communication par exemple).<\/p>\n<p>Petite enfance, service \u00e0 la personne, organisation et secr\u00e9tariat, comptabilit\u00e9, finance, gestion, droit, commerce, marketing sont autant de domaines vis\u00e9s par les formations du CNED. Le centre d\u00e9livre <strong>220 000 formations tous les ans, dont deux tiers sont suivies par les adultes <\/strong>. C\u00f4t\u00e9 formateur, l&rsquo;organisme s&rsquo;appuie sur un r\u00e9seau de plus de 2200 personnes, enseignants ou non.<\/p>\n<\/div>\n[\/vc_column_text][vc_empty_space]<div class=\"shortcode-wrapper shortcode-title clearfix\"><h2 class=\"modern aligncenter\">Le CNAM : une offre de formation enrichie au fil des ann\u00e9es <span class=\"bottom-line\"><\/span><\/h2><\/div>[vc_empty_space][vc_column_text]\n<div class=\"text-content\">Le Conservatoire National des Arts et des M\u00e9tiers (CNAM) dispense \u00e0 <strong>80 000 stagiaires chaque ann\u00e9e <\/strong>des formations sup\u00e9rieures tout au long de la vie.<br \/>\nAutrefois reconnu pour ses cours du soir, l&rsquo;institution s&rsquo;est enrichie de modules d&rsquo;apprentissage tr\u00e8s diversifi\u00e9s\u00a0: <strong>DUT, licences, dipl\u00f4me d&rsquo;ing\u00e9nieur CNAM, titre reconnu par le RNCP <\/strong>(R\u00e9pertoire National des Certifications Professionnelles).Le choix du type de dipl\u00f4me est d&rsquo;ailleurs aussi large que les secteurs d&rsquo;activit\u00e9, depuis <strong>la finance jusqu&rsquo;aux sciences de l&rsquo;ing\u00e9nieur en passant par la gestion ou le management <\/strong>.La formation s&rsquo;adresse \u00e0 diff\u00e9rents profils. Sont vis\u00e9s les salari\u00e9s avides d&rsquo;acqu\u00e9rir de nouvelles connaissances pour d\u00e9velopper leur carri\u00e8re, les jeunes ou les adultes \u00e0 la recherche d&rsquo;une nouvelle formation adapt\u00e9e \u00e0 leurs envies professionnelles.Plus de <strong>2400 parcours aux dur\u00e9es variables, suivis par un million d&rsquo;\u00e9l\u00e8ves <\/strong>, sont divis\u00e9s en deux \u00e9coles distinctes. La premi\u00e8re est sp\u00e9cialis\u00e9e dans la gestion, l&rsquo;\u00e9conomie, la finance, les langues et l&rsquo;entrepreneuriat. La seconde est davantage ax\u00e9e sur l&rsquo;expertise technique.<\/div>\n[\/vc_column_text][vc_empty_space]<div class=\"shortcode-wrapper shortcode-title clearfix\"><h2 class=\"modern aligncenter\">L&rsquo;Association pour la Formation Professionnelle des Adultes : une r\u00e9f\u00e9rence en mati\u00e8re de formation continue <span class=\"bottom-line\"><\/span><\/h2><\/div>[vc_empty_space][vc_column_text]\n<div class=\"text-content\">\n<p>L&rsquo;AFPA, organisme fran\u00e7ais de formation professionnelle, contribue \u00e0 l&rsquo;insertion sur le march\u00e9 du travail de <strong>140 000 personnes, dont plus de la moiti\u00e9 sont des demandeurs d&#8217;emploi <\/strong>.<\/p>\n<p>L&rsquo;\u00e9tablissement dispense des formations qualifiantes reconnues par le minist\u00e8re du Travail. L&rsquo;offre de formation couvre plus de <strong>300 m\u00e9tiers et 700 formations de tout niveau de qualification et dans tout secteur <\/strong>.<\/p>\n<p>Les formations sont organis\u00e9es par des <strong>professionnels justifiants de cinq ann\u00e9es d&rsquo;exercice dans leur secteur d&rsquo;enseignement <\/strong>. La flexibilit\u00e9, la modernit\u00e9 et la r\u00e9duction des co\u00fbts sont au c\u0153ur du mod\u00e8le p\u00e9dagogique.<\/p>\n<\/div>\n[\/vc_column_text][\/vc_column][\/vc_row]\n","protected":false},"excerpt":{"rendered":"<p>[vc_row][vc_column][vc_column_text el_id=\u00a0\u00bbWP-intro\u00a0\u00bb] La formation, qu&rsquo;elle soit initiale ou continue, constitue un levier majeur pour faire correspondre les besoins des entreprises et les aspirations professionnelles des individus. Ce d\u00e9fi oblige les nombreux acteurs de formation du march\u00e9 \u00e0 s&rsquo;adapter en permanence. Du point de vue des individus, il est parfois difficile de s&rsquo;y retrouver parmi le [&hellip;]<\/p>\n","protected":false},"author":1,"featured_media":0,"parent":0,"menu_order":0,"comment_status":"closed","ping_status":"closed","template":"","meta":[],"yoast_head":"<!-- This site is optimized with the Yoast SEO plugin v16.1.1 - https:\/\/yoast.com\/wordpress\/plugins\/seo\/ -->\n<title>Les principaux organismes de formation continue en France - OPCO.fr<\/title>\n<link rel=\"canonical\" href=\"https:\/\/www.opco.fr\/info\/les-principaux-organismes-de-formation-continue-en-france\/\" \/>\n<meta property=\"og:locale\" content=\"fr_FR\" \/>\n<meta property=\"og:type\" content=\"article\" \/>\n<meta property=\"og:title\" content=\"Les principaux organismes de formation continue en France - OPCO.fr\" \/>\n<meta property=\"og:description\" content=\"[vc_row][vc_column][vc_column_text el_id=\u00a0\u00bbWP-intro\u00a0\u00bb] La formation, qu&rsquo;elle soit initiale ou continue, constitue un levier majeur pour faire correspondre les besoins des entreprises et les aspirations professionnelles des individus. Ce d\u00e9fi oblige les nombreux acteurs de formation du march\u00e9 \u00e0 s&rsquo;adapter en permanence. Du point de vue des individus, il est parfois difficile de s&rsquo;y retrouver parmi le [&hellip;]\" \/>\n<meta property=\"og:url\" content=\"https:\/\/www.opco.fr\/info\/les-principaux-organismes-de-formation-continue-en-france\/\" \/>\n<meta property=\"og:site_name\" content=\"OPCO.fr\" \/>\n<meta property=\"article:modified_time\" content=\"2021-05-17T08:30:05+00:00\" \/>\n<meta name=\"twitter:card\" content=\"summary_large_image\" \/>\n<meta name=\"twitter:label1\" content=\"Dur\u00e9e de lecture est.\">\n\t<meta name=\"twitter:data1\" content=\"5 minutes\">\n<script type=\"application\/ld+json\" class=\"yoast-schema-graph\">{\"@context\":\"https:\/\/schema.org\",\"@graph\":[{\"@type\":\"WebSite\",\"@id\":\"https:\/\/www.opco.fr\/info\/#website\",\"url\":\"https:\/\/www.opco.fr\/info\/\",\"name\":\"OPCO.fr\",\"description\":\"Optimisateur de comp\\u00e9tences\",\"potentialAction\":[{\"@type\":\"SearchAction\",\"target\":\"https:\/\/www.opco.fr\/info\/?s={search_term_string}\",\"query-input\":\"required name=search_term_string\"}],\"inLanguage\":\"fr-FR\"},{\"@type\":\"WebPage\",\"@id\":\"https:\/\/www.opco.fr\/info\/les-principaux-organismes-de-formation-continue-en-france\/#webpage\",\"url\":\"https:\/\/www.opco.fr\/info\/les-principaux-organismes-de-formation-continue-en-france\/\",\"name\":\"Les principaux organismes de formation continue en France - OPCO.fr\",\"isPartOf\":{\"@id\":\"https:\/\/www.opco.fr\/info\/#website\"},\"datePublished\":\"2021-01-15T08:54:52+00:00\",\"dateModified\":\"2021-05-17T08:30:05+00:00\",\"breadcrumb\":{\"@id\":\"https:\/\/www.opco.fr\/info\/les-principaux-organismes-de-formation-continue-en-france\/#breadcrumb\"},\"inLanguage\":\"fr-FR\",\"potentialAction\":[{\"@type\":\"ReadAction\",\"target\":[\"https:\/\/www.opco.fr\/info\/les-principaux-organismes-de-formation-continue-en-france\/\"]}]},{\"@type\":\"BreadcrumbList\",\"@id\":\"https:\/\/www.opco.fr\/info\/les-principaux-organismes-de-formation-continue-en-france\/#breadcrumb\",\"itemListElement\":[{\"@type\":\"ListItem\",\"position\":1,\"item\":{\"@type\":\"WebPage\",\"@id\":\"https:\/\/www.opco.fr\/info\/\",\"url\":\"https:\/\/www.opco.fr\/info\/\",\"name\":\"Accueil\"}},{\"@type\":\"ListItem\",\"position\":2,\"item\":{\"@type\":\"WebPage\",\"@id\":\"https:\/\/www.opco.fr\/info\/les-principaux-organismes-de-formation-continue-en-france\/\",\"url\":\"https:\/\/www.opco.fr\/info\/les-principaux-organismes-de-formation-continue-en-france\/\",\"name\":\"Les principaux organismes de formation continue en France\"}}]}]}<\/script>\n<!-- \/ Yoast SEO plugin. -->","_links":{"self":[{"href":"https:\/\/www.opco.fr\/info\/wp-json\/wp\/v2\/pages\/155"}],"collection":[{"href":"https:\/\/www.opco.fr\/info\/wp-json\/wp\/v2\/pages"}],"about":[{"href":"https:\/\/www.opco.fr\/info\/wp-json\/wp\/v2\/types\/page"}],"author":[{"embeddable":true,"href":"https:\/\/www.opco.fr\/info\/wp-json\/wp\/v2\/users\/1"}],"replies":[{"embeddable":true,"href":"https:\/\/www.opco.fr\/info\/wp-json\/wp\/v2\/comments?post=155"}],"version-history":[{"count":6,"href":"https:\/\/www.opco.fr\/info\/wp-json\/wp\/v2\/pages\/155\/revisions"}],"predecessor-version":[{"id":280,"href":"https:\/\/www.opco.fr\/info\/wp-json\/wp\/v2\/pages\/155\/revisions\/280"}],"wp:attachment":[{"href":"https:\/\/www.opco.fr\/info\/wp-json\/wp\/v2\/media?parent=155"}],"curies":[{"name":"wp","href":"https:\/\/api.w.org\/{rel}","templated":true}]}}