{"id":121,"date":"2021-01-06T10:25:52","date_gmt":"2021-01-06T09:25:52","guid":{"rendered":"https:\/\/www.opco.fr\/info\/?page_id=121"},"modified":"2021-05-17T10:28:38","modified_gmt":"2021-05-17T08:28:38","slug":"les-types-de-formations-professionnelles-francaises","status":"publish","type":"page","link":"https:\/\/www.opco.fr\/info\/les-types-de-formations-professionnelles-francaises\/","title":{"rendered":"Les types de formations professionnelles fran\u00e7aises"},"content":{"rendered":"[vc_row][vc_column][vc_column_text el_id=\u00a0\u00bbWP-intro\u00a0\u00bb]\n<div class=\"text-content\">\n<p>La formation professionnelle repr\u00e9sente un excellent outil d&rsquo;\u00e9volution pour toutes les personnes actives, qu&rsquo;elles soient salari\u00e9es, ind\u00e9pendantes, chefs d\u2019entreprise mais \u00e9galement pour les \u00e9tudiants ou demandeurs d\u2019emploi. V\u00e9ritable pilier de la croissance \u00e9conomique d&rsquo;un pays, la formation professionnelle est indissociable d&rsquo;une bonne int\u00e9gration en entreprise, du maintien de l&#8217;emploi et de la s\u00e9curisation d&rsquo;un parcours professionnel. Quels sont les types de formations possibles en France ? Pour qui ? Quel est leur co\u00fbt et comment les financer ? O\u00f9 s&rsquo;adresser ?&#8230;.Autant de questions qui m\u00e9ritent r\u00e9ponses !<\/p>\n<\/div>\n[\/vc_column_text][vc_column_text el_class=\u00a0\u00bbWP-texte\u00a0\u00bb]\n<div class=\"text-content\">\n<h2><strong>Une formation professionnelle pour qui et pourquoi ?<\/strong><\/h2>\n<p>Les personnes qui se lancent dans une formation professionnelle poursuivent g\u00e9n\u00e9ralement plusieurs objectifs :<\/p>\n<ul>\n<li>S&rsquo;ins\u00e9rer plus facilement dans la vie active<\/li>\n<li>Am\u00e9liorer leur condition, leur statut professionnel pour obtenir une promotion ou un meilleur salaire (en sachant que les deux vont souvent de pair&#8230;)<\/li>\n<li>Redonner du sens \u00e0 leur emploi et obtenir une certaine reconnaissance<\/li>\n<li>R\u00e9aliser des aspirations professionnelles non encore satisfaites, se r\u00e9orienter jusqu&rsquo;\u00e0 changer radicalement de voie.<\/li>\n<\/ul>\n<p>&nbsp;<\/p>\n<h2><strong>4 types sont pr\u00e9sent\u00e9s ici :<\/strong><\/h2>\n<ul>\n<li><a href=\"#ch1\">La formation continue<\/a><\/li>\n<li><a href=\"#ch2\">L&rsquo;alternance<\/a><\/li>\n<li><a href=\"#ch3\">La reconversion<\/a><\/li>\n<li><a href=\"#ch4\">La VAE<\/a><\/li>\n<\/ul>\n<\/div>\n[\/vc_column_text][vc_separator el_width=\u00a0\u00bb50&Prime; el_id=\u00a0\u00bbch1&Prime;]<div class=\"shortcode-wrapper shortcode-title clearfix\"><h2 class=\"modern aligncenter\">La formation professionnelle continue<span class=\"bottom-line\"><\/span><\/h2><\/div>[vc_empty_space][vc_column_text el_class=\u00a0\u00bbWP-texte\u00a0\u00bb]La formation continue est r\u00e9serv\u00e9e \u00e0 des personnes dipl\u00f4m\u00e9es souhaitant ajouter une corde \u00e0 leur arc ou \u00e0 celles d\u00e9j\u00e0 pleinement int\u00e9gr\u00e9es dans le march\u00e9 de l\u2019emploi qui cherchent \u00e0 renforcer leur qualification ou \u00e0 acqu\u00e9rir un niveau de qualification reconnue.<\/p>\n<h3>Pour qui ?<\/h3>\n<p>La formation continue concerne les actifs, salari\u00e9s, demandeurs d&#8217;emploi, travailleurs ind\u00e9pendants, chefs d&rsquo;entreprise ou fonctionnaires. Ils ont ainsi la possibilit\u00e9 de pr\u00e9parer tous les dipl\u00f4mes professionnels ou d&rsquo;am\u00e9liorer leur savoir-faire.<\/p>\n<h3>Par qui ?<\/h3>\n<p>Les organismes de formation continue peuvent \u00eatre publics ou priv\u00e9s. On distingue par exemple :<\/p>\n<ul>\n<li>Les groupements d\u2019\u00e9tablissements publics locaux d\u2019enseignement (Greta) du\u00a0minist\u00e8re de l\u2019\u00c9ducation nationale<\/li>\n<li>Les \u00e9tablissements rattach\u00e9s \u00e0 l\u2019Enseignement\u00a0sup\u00e9rieur, l\u2019Emploi, l\u2019Agriculture, la Sant\u00e9<\/li>\n<li>Les chambres de commerce et de l\u2019industrie<\/li>\n<li>Les chambres de m\u00e9tiers<\/li>\n<li>Les\u00a0chambres d\u2019agriculture<\/li>\n<li>Les entreprises priv\u00e9es de formation<\/li>\n<li>Les associations<\/li>\n<li>Les consultants ind\u00e9pendants&#8230;.<\/li>\n<\/ul>\n<p>&nbsp;<\/p>\n<h3>Comment financer une formation professionnelle continue ?<\/h3>\n<p>La formation continue, pr\u00e9vue par le Code du Travail, est une obligation nationale pouvant s&rsquo;inscrire dans le plan de formation de l&rsquo;entreprise ou faire l&rsquo;objet d&rsquo;une demande personnelle.<\/p>\n<p>Les entreprises ont l&rsquo;obligation de participer au financement de la\u00a0formation professionnelle continue de leurs salari\u00e9s\u00a0en consacrant un pourcentage minimum de leur masse salariale \u00e0 des actions de formation.<\/p>\n<p>Cette formation payante doit donc \u00eatre enti\u00e8rement financ\u00e9e par l&#8217;employeur qui doit par ailleurs maintenir la r\u00e9mun\u00e9ration int\u00e9grale de son salari\u00e9 pendant toute la dur\u00e9e de ce cursus.<\/p>\n<p>Pour en b\u00e9n\u00e9ficier il suffit d&rsquo;en faire la demande aupr\u00e8s de votre employeur.[\/vc_column_text][vc_separator el_width=\u00a0\u00bb50&Prime; el_id=\u00a0\u00bbch2&Prime;]<div class=\"shortcode-wrapper shortcode-title clearfix\"><h2 class=\"modern aligncenter\">La formation par alternance<span class=\"bottom-line\"><\/span><\/h2><\/div>[vc_empty_space][vc_column_text el_class=\u00a0\u00bbWP-texte\u00a0\u00bb]On appelle formation en alternance\u00a0un syst\u00e8me de formation qui permet aux \u00e9tudiants d\u2019alterner entre une formation th\u00e9orique dispens\u00e9e par un \u00e9tablissement scolaire (lyc\u00e9e notamment) et une\u00a0exp\u00e9rience professionnelle\u00a0en entreprise. Le rythme varie selon les \u00e9tablissements et le niveau d&rsquo;\u00e9tude de la personne. Il peut par exemple \u00eatre de l\u2019ordre de deux jours en formation\/trois jours en entreprise ou bien une semaine \u00e0 l\u2019\u00e9cole\/une semaine en entreprise etc&#8230;<\/p>\n<p>La formation par alternance constitue un excellent tremplin pour int\u00e9grer rapidement le monde du travail. Gr\u00e2ce \u00e0 cette formule, l\u2019\u00e9tudiant acquiert rapidement des qualifications ainsi qu\u2019une\u00a0solide exp\u00e9rience professionnelle\u00a0qui repr\u00e9senteront de v\u00e9ritables atouts face \u00e0 de futurs recruteurs.<\/p>\n<p>Votre alternance peut s&rsquo;op\u00e9rer via deux sortes de contrats\u00a0: le\u00a0contrat de professionnalisation\u00a0et le\u00a0contrat d\u2019apprentissage. Chacun d\u2019entre eux ne donne pas acc\u00e8s aux m\u00eames droits, m\u00eame si l\u2019\u00e9tudiant devient salari\u00e9 de l\u2019entreprise.<\/p>\n<h3>La formation en alternance combien \u00e7a co\u00fbte ?<\/h3>\n<p>Une formation en alternance\u00a0ne co\u00fbte rien et pour tout dire, elle rapporte ! La scolarit\u00e9 de l&rsquo;\u00e9tudiant est financ\u00e9e par son entreprise gr\u00e2ce \u00e0 la taxe d\u2019apprentissage et il peut m\u00eame \u00eatre r\u00e9mun\u00e9r\u00e9 gr\u00e2ce \u00e0 son emploi en alternance.<\/p>\n<h3>Comment int\u00e9grer une formation en alternance\u00a0?<\/h3>\n<p>Pour suivre des \u00e9tudes\u00a0en alternance, vous devez comme dans toutes les autres formations, commencer par envoyer \u00e0 la formation qui vous int\u00e9resse un\u00a0dossier de candidature sous forme de lettre de motivation d\u00e9crivant un projet professionnel bien \u00e9tabli, accompagn\u00e9 d&rsquo;un CV. Il vous appartient ensuite de trouver une entreprise\u00a0qui accepte de vous prendre en alternance.<\/p>\n<p>De nombreux sites d\u00e9di\u00e9s diffusent des offres en alternance. Vous pouvez vous porter candidat directement sur ces plateformes ou en envoyant un mail aux entreprises qui vous attirent.[\/vc_column_text][vc_separator el_width=\u00a0\u00bb50&Prime; el_id=\u00a0\u00bbch3&Prime;]<div class=\"shortcode-wrapper shortcode-title clearfix\"><h2 class=\"modern aligncenter\">La formation pour reconversion professionnelle<span class=\"bottom-line\"><\/span><\/h2><\/div>[vc_empty_space][vc_column_text el_class=\u00a0\u00bbWP-texte\u00a0\u00bb]La reconversion professionnelle se traduit par le fait de changer de m\u00e9tier et de secteur professionnel. Si certaines personnes songent un jour \u00e0 concr\u00e9tiser des aspirations professionnelles non r\u00e9alis\u00e9es pour s&rsquo;\u00e9panouir enfin dans un m\u00e9tier qui leur ressemble plus en phase avec leurs aspirations, d&rsquo;autres sont contraintes \u00e0 la reconversion en raison d&rsquo;un march\u00e9 de l&#8217;emploi en perp\u00e9tuelle mouvance. Les raisons pour sauter pas diff\u00e8rent d&rsquo;un individu \u00e0 l&rsquo;autre.<\/p>\n<p>La reconversion professionnelle s&rsquo;op\u00e8re en plusieurs \u00e9tapes qu&rsquo;il convient de ne pas br\u00fbler pour mettre toutes les chances de r\u00e9ussite de votre c\u00f4t\u00e9. Changer de m\u00e9tier, comment on fait\u00a0?<\/p>\n<h3>La r\u00e9alisation de votre bilan personnel<\/h3>\n<p>Le bilan personnel ou bilan de comp\u00e9tences est une premi\u00e8re \u00e9tape indispensable destin\u00e9e \u00e0 vous aider \u00e0 faire le point sur vos comp\u00e9tences, vos atouts, vos aspirations. Pour effectuer votre bilan personnel, ne vous limitez pas \u00e0 vos seules aptitudes professionnelles et \u00e9largissez votre r\u00e9flexion \u00e0 vos centres d&rsquo;int\u00e9r\u00eats.<\/p>\n<p>Cette premi\u00e8re \u00e9tape r\u00e9alis\u00e9e avec un conseiller permettra de d\u00e9terminer quels m\u00e9tiers pourraient vous correspondre pleinement. Si vous n&rsquo;avez pas d&rsquo;id\u00e9e pr\u00e9cise sur ce que vous souhaitez faire mais aspirez vraiment \u00e0 vous r\u00e9orienter vous aurez la possibilit\u00e9 de passer un test d&rsquo;orientation. Ce test, \u00e0 r\u00e9aliser apr\u00e8s le bilan personnel, vous propose des m\u00e9tiers directement en rapport avec vos comp\u00e9tences. Il vous permet aussi de confirmer que la voie que vous envisagez de suivre est la bonne.<\/p>\n<h3>La mise en \u0153uvre de votre reconversion professionnelle<\/h3>\n<p>Une fois votre bilan de comp\u00e9tences effectu\u00e9, vient le moment de r\u00e9fl\u00e9chir \u00e0 un\u00a0parcours de formation\u00a0qui vous am\u00e8nera \u00e0 changer de m\u00e9tier. Vous pouvez pour cela b\u00e9n\u00e9ficier d\u2019une Prestation d\u2019Orientation professionnelle sp\u00e9cialis\u00e9e (POPS) aupr\u00e8s de P\u00f4le Emploi. Cette d\u00e9marche vous aide \u00e0 construire le projet de formation le plus adapt\u00e9 dans votre cas et \u00e0 concr\u00e9tiser votre projet de formation. Vous serez alors mis en lien avec un conseiller qui analysera avec vous votre\u00a0besoin en formation et vous conseillera ensuite dans l\u2019\u00e9laboration de votre cursus.<\/p>\n<h3>L&rsquo;orientation vers une formation<\/h3>\n<p>Lors d&rsquo;un dernier entretien, vous disposerez des coordonn\u00e9es des organismes et des dates des sessions de formation pour finaliser votre projet.<\/p>\n<h3>Comment financer une formation professionnelle dans le cadre d&rsquo;une reconversion ?<\/h3>\n<p>Contrairement \u00e0 la formation professionnelle continue, la formation pour reconversion est \u00e0 la charge du demandeur. Fort heureusement des dispositifs existent pour vous aider \u00e0 la financer :<\/p>\n<p>&#8211; En tant que salari\u00e9 vous pouvez utiliser votre compte personnel de formation (CPF)<\/p>\n<p>Votre CPF vous aide \u00e0 r\u00e9aliser votre projet professionnel. Lorsque vous travaillez, vous cumulez des droits au titre du Compte Personnel de Formation. Le CPF s&rsquo;adresse \u00e0 toute personne\u00a0salari\u00e9e, entrepreneur, membre d&rsquo;une profession lib\u00e9rale ou d&rsquo;une profession non salari\u00e9e, conjoint collaborateur, demandeur d&#8217;emploi (inscrit ou non \u00e0 P\u00f4le Emploi).<\/p>\n<p>Vos droits sont automatiquement report\u00e9s dans votre compte activit\u00e9 au d\u00e9but de l&rsquo;ann\u00e9e qui suit l&rsquo;ann\u00e9e travaill\u00e9e. Depuis le 1er janvier 2019, votre CPF jusque l\u00e0 comptabilis\u00e9 en heures est d\u00e9sormais mon\u00e9tis\u00e9. Il est automatiquement converti en euros,\u00a0sur la base d&rsquo;un taux horaire fix\u00e9 par l&rsquo;Etat \u00e9gal \u00e0 15 \u20ac. Votre formation est donc prise en charge ainsi que le maintien de votre salaire jusqu&rsquo;\u00e0 hauteur de deux fois le SMIC.<\/p>\n<p>A noter : vos droits restent acquis m\u00eame en cas de changement d&#8217;employeur ou de perte d&#8217;emploi mais les p\u00e9riodes de ch\u00f4mage ne permettent pas d\u2019acqu\u00e9rir des droits CPF.<\/p>\n<p>Pour obtenir le financement d\u2019une formation dans le cadre du CPF, il faut que celle-ci soit \u00e9ligible et donc inscrite au r\u00e9pertoire national des certifications professionnelles (RNCP). Depuis le 1er janvier 2019, les conditions d\u2019\u00e9ligibilit\u00e9 des formations au CPF ont \u00e9volu\u00e9. Un grand nombre de formations m\u00e9tiers sont ainsi \u00e9ligibles au CPF, mais aussi des formations courtes ou des formations en ligne.<\/p>\n<p>&#8211; Vous \u00eates demandeur d&#8217;emploi ?<\/p>\n<p>Prenez contact avec un conseiller P\u00f4le Emploi.\u00a0Un\u00a0financement\u00a0total ou partiel est possible par le Conseil R\u00e9gional, le Conseil G\u00e9n\u00e9ral ou P\u00f4le Emploi.[\/vc_column_text][vc_separator el_width=\u00a0\u00bb50&Prime; el_id=\u00a0\u00bbch4&Prime;]<div class=\"shortcode-wrapper shortcode-title clearfix\"><h2 class=\"modern aligncenter\">La VAE ou Validation des acquis de l&rsquo;exp\u00e9rience<span class=\"bottom-line\"><\/span><\/h2><\/div>[vc_empty_space][vc_column_text el_class=\u00a0\u00bbWP-texte\u00a0\u00bb]Gr\u00e2ce \u00e0 la VAE vous avez la possibilit\u00e9 d&rsquo;obtenir un dipl\u00f4me correspondant \u00e0 votre exp\u00e9rience professionnelle. Vos comp\u00e9tences acquises au fil du temps se trouvent ainsi reconnues comme elles l&rsquo;auraient \u00e9t\u00e9 via une formation classique.<\/p>\n<p>La VAE est un droit individuel pr\u00e9vu par le Code du Travail (article L-6411-1) qui stipule que <i>\u00ab\u00a0toute personne engag\u00e9e dans la vie active est en droit de faire valider les acquis de son exp\u00e9rience, notamment professionnelle, en vue de l&rsquo;acquisition d&rsquo;un dipl\u00f4me, d&rsquo;un titre \u00e0 finalit\u00e9 professionnelle ou d&rsquo;un certificat de qualification.\u00a0\u00bb<\/i><\/p>\n<h3>La VAE pour qui ?<\/h3>\n<p>La VAE est ouverte \u00e0 tous sans crit\u00e8re d\u2019\u00e2ge, de statut (salari\u00e9, artisan, travailleur ind\u00e9pendant, int\u00e9rimaire, b\u00e9n\u00e9vole&#8230;) et sans niveau de formation exig\u00e9. Il suffit seulement de justifier d&rsquo;au moins un an d&rsquo;exp\u00e9rience professionnelle\u00a0en lien direct avec le contenu et le niveau du dipl\u00f4me vis\u00e9.<\/p>\n<h3>La VAE combien \u00e7a co\u00fbte ?<\/h3>\n<p>L&rsquo;accompagnement \u00e0 la\u00a0VAE qui n&rsquo;est pas obligatoire mais reste conseill\u00e9 est\u00a0une prestation\u00a0payante. Selon votre situation il peut \u00eatre pris en charge par votre collectivit\u00e9 territoriale si vous \u00eates fonctionnaire. P\u00f4le Emploi peut aussi financer tout ou partie de votre VAE dans la limite des droits acquis figurant sur votre compte CPF. Si ce financement n&rsquo;est pas suffisant vous pouvez obtenir un financement compl\u00e9mentaire par le biais d&rsquo;une aide individuelle \u00e0 la formation (AIF).<\/p>\n<h3>L&rsquo;aide individuelle \u00e0 la formation (AIF)<\/h3>\n<p>En tant que demandeur d\u2019emploi (indemnis\u00e9 ou non,\u00a0b\u00e9n\u00e9ficiaire du RSA, \u2026) vous pouvez demander \u00e0 P\u00f4le Emploi le financement des frais de formation professionnelle par le biais de l\u2019AIF\u00a0(Aide Individuelle \u00e0 la Formation). Cette aide prend en charge partiellement ou totalement le co\u00fbt de la formation. Le montant est vers\u00e9 directement \u00e0 l\u2019organisme de formation. Attention, la formation choisie doit \u00eatre \u00e9ligible aupr\u00e8s de\u00a0P\u00f4le emploi\u00a0et r\u00e9pondre \u00e0 une proc\u00e9dure sp\u00e9cifique.<\/p>\n<h3>A qui s&rsquo;adresser ?<\/h3>\n<p>Pour bien cibler le dipl\u00f4me ou titre professionnel auquel vos comp\u00e9tences vous autorisent \u00e0 pr\u00e9tendre n&rsquo;h\u00e9sitez pas \u00e0 vous faire accompagner par un conseiller d&rsquo;un point relais VAE. Vous le trouverez dans des structures et organismes comme P\u00f4le Emploi, les missions locales, l&rsquo;APEC, le Centre national d&rsquo;information sur les droits des femmes et des familles (CNDIFF)\u2026 Adressez-vous aussi directement \u00e0 l&rsquo;\u00e9tablissement de formation (universit\u00e9, \u00e9cole priv\u00e9e, Cnam, etc.) La\u00a0demande de VAE\u00a0doit \u00eatre envoy\u00e9e \u00e0 l&rsquo;organisme qui d\u00e9livre la certification.<\/p>\n<p>Vous \u00eates salari\u00e9 et avez trouv\u00e9 l&rsquo;\u00e9tablissement qui dispense le dipl\u00f4me que vous convoitez ? Vous devez faire \u00ab\u00a0une demande d&rsquo;autorisation d&rsquo;absence\u00a0\u00bb ou de \u00ab\u00a0cong\u00e9 VAE\u00a0\u00bb au plus tard 60 jours avant le d\u00e9but de votre parcours de validation. Il s&rsquo;agit d&rsquo;une absence r\u00e9mun\u00e9r\u00e9e de 24 heures maximum cons\u00e9cutives ou non aupr\u00e8s de votre employeur.<\/p>\n<p>Autre solution : il est possible de faire votre VAE en dehors de votre temps de travail. Dans ce cas, aucune autorisation d&rsquo;absence n&rsquo;est n\u00e9cessaire.[\/vc_column_text][vc_empty_space][vc_column_text el_id=\u00a0\u00bbWP-conclusion\u00a0\u00bb]Le dispositif de formations professionnelles en France est vari\u00e9 afin de s&rsquo;adapter \u00e0 tous les profils, allant de la formation continue \u00e0 la VAE en passant par la reconversion ou la formation en alternance. Vous souhaitez en savoir plus ? N&rsquo;h\u00e9sitez pas \u00e0 consulter le site gouvernemental <a href=\"https:\/\/Francecompetences.fr\" target=\"_blank\" rel=\"noopener noreferrer\">Francecompetences.fr<\/a> .[\/vc_column_text][\/vc_column][\/vc_row]\n","protected":false},"excerpt":{"rendered":"<p>[vc_row][vc_column][vc_column_text el_id=\u00a0\u00bbWP-intro\u00a0\u00bb] La formation professionnelle repr\u00e9sente un excellent outil d&rsquo;\u00e9volution pour toutes les personnes actives, qu&rsquo;elles soient salari\u00e9es, ind\u00e9pendantes, chefs d\u2019entreprise mais \u00e9galement pour les \u00e9tudiants ou demandeurs d\u2019emploi. V\u00e9ritable pilier de la croissance \u00e9conomique d&rsquo;un pays, la formation professionnelle est indissociable d&rsquo;une bonne int\u00e9gration en entreprise, du maintien de l&#8217;emploi et de la s\u00e9curisation [&hellip;]<\/p>\n","protected":false},"author":1,"featured_media":0,"parent":0,"menu_order":0,"comment_status":"closed","ping_status":"closed","template":"","meta":[],"yoast_head":"<!-- This site is optimized with the Yoast SEO plugin v16.1.1 - https:\/\/yoast.com\/wordpress\/plugins\/seo\/ -->\n<title>Les types de formations professionnelles fran\u00e7aises - OPCO.fr<\/title>\n<link rel=\"canonical\" href=\"https:\/\/www.opco.fr\/info\/les-types-de-formations-professionnelles-francaises\/\" \/>\n<meta property=\"og:locale\" content=\"fr_FR\" \/>\n<meta property=\"og:type\" content=\"article\" \/>\n<meta property=\"og:title\" content=\"Les types de formations professionnelles fran\u00e7aises - OPCO.fr\" \/>\n<meta property=\"og:description\" content=\"[vc_row][vc_column][vc_column_text el_id=\u00a0\u00bbWP-intro\u00a0\u00bb] La formation professionnelle repr\u00e9sente un excellent outil d&rsquo;\u00e9volution pour toutes les personnes actives, qu&rsquo;elles soient salari\u00e9es, ind\u00e9pendantes, chefs d\u2019entreprise mais \u00e9galement pour les \u00e9tudiants ou demandeurs d\u2019emploi. V\u00e9ritable pilier de la croissance \u00e9conomique d&rsquo;un pays, la formation professionnelle est indissociable d&rsquo;une bonne int\u00e9gration en entreprise, du maintien de l&#8217;emploi et de la s\u00e9curisation [&hellip;]\" \/>\n<meta property=\"og:url\" content=\"https:\/\/www.opco.fr\/info\/les-types-de-formations-professionnelles-francaises\/\" \/>\n<meta property=\"og:site_name\" content=\"OPCO.fr\" \/>\n<meta property=\"article:modified_time\" content=\"2021-05-17T08:28:38+00:00\" \/>\n<meta name=\"twitter:card\" content=\"summary_large_image\" \/>\n<meta name=\"twitter:label1\" content=\"Dur\u00e9e de lecture est.\">\n\t<meta name=\"twitter:data1\" content=\"9 minutes\">\n<script type=\"application\/ld+json\" class=\"yoast-schema-graph\">{\"@context\":\"https:\/\/schema.org\",\"@graph\":[{\"@type\":\"WebSite\",\"@id\":\"https:\/\/www.opco.fr\/info\/#website\",\"url\":\"https:\/\/www.opco.fr\/info\/\",\"name\":\"OPCO.fr\",\"description\":\"Optimisateur de comp\\u00e9tences\",\"potentialAction\":[{\"@type\":\"SearchAction\",\"target\":\"https:\/\/www.opco.fr\/info\/?s={search_term_string}\",\"query-input\":\"required name=search_term_string\"}],\"inLanguage\":\"fr-FR\"},{\"@type\":\"WebPage\",\"@id\":\"https:\/\/www.opco.fr\/info\/les-types-de-formations-professionnelles-francaises\/#webpage\",\"url\":\"https:\/\/www.opco.fr\/info\/les-types-de-formations-professionnelles-francaises\/\",\"name\":\"Les types de formations professionnelles fran\\u00e7aises - OPCO.fr\",\"isPartOf\":{\"@id\":\"https:\/\/www.opco.fr\/info\/#website\"},\"datePublished\":\"2021-01-06T09:25:52+00:00\",\"dateModified\":\"2021-05-17T08:28:38+00:00\",\"breadcrumb\":{\"@id\":\"https:\/\/www.opco.fr\/info\/les-types-de-formations-professionnelles-francaises\/#breadcrumb\"},\"inLanguage\":\"fr-FR\",\"potentialAction\":[{\"@type\":\"ReadAction\",\"target\":[\"https:\/\/www.opco.fr\/info\/les-types-de-formations-professionnelles-francaises\/\"]}]},{\"@type\":\"BreadcrumbList\",\"@id\":\"https:\/\/www.opco.fr\/info\/les-types-de-formations-professionnelles-francaises\/#breadcrumb\",\"itemListElement\":[{\"@type\":\"ListItem\",\"position\":1,\"item\":{\"@type\":\"WebPage\",\"@id\":\"https:\/\/www.opco.fr\/info\/\",\"url\":\"https:\/\/www.opco.fr\/info\/\",\"name\":\"Accueil\"}},{\"@type\":\"ListItem\",\"position\":2,\"item\":{\"@type\":\"WebPage\",\"@id\":\"https:\/\/www.opco.fr\/info\/les-types-de-formations-professionnelles-francaises\/\",\"url\":\"https:\/\/www.opco.fr\/info\/les-types-de-formations-professionnelles-francaises\/\",\"name\":\"Les types de formations professionnelles fran\\u00e7aises\"}}]}]}<\/script>\n<!-- \/ Yoast SEO plugin. -->","_links":{"self":[{"href":"https:\/\/www.opco.fr\/info\/wp-json\/wp\/v2\/pages\/121"}],"collection":[{"href":"https:\/\/www.opco.fr\/info\/wp-json\/wp\/v2\/pages"}],"about":[{"href":"https:\/\/www.opco.fr\/info\/wp-json\/wp\/v2\/types\/page"}],"author":[{"embeddable":true,"href":"https:\/\/www.opco.fr\/info\/wp-json\/wp\/v2\/users\/1"}],"replies":[{"embeddable":true,"href":"https:\/\/www.opco.fr\/info\/wp-json\/wp\/v2\/comments?post=121"}],"version-history":[{"count":9,"href":"https:\/\/www.opco.fr\/info\/wp-json\/wp\/v2\/pages\/121\/revisions"}],"predecessor-version":[{"id":279,"href":"https:\/\/www.opco.fr\/info\/wp-json\/wp\/v2\/pages\/121\/revisions\/279"}],"wp:attachment":[{"href":"https:\/\/www.opco.fr\/info\/wp-json\/wp\/v2\/media?parent=121"}],"curies":[{"name":"wp","href":"https:\/\/api.w.org\/{rel}","templated":true}]}}